{"id":3054,"date":"2026-01-08T13:55:12","date_gmt":"2026-01-08T13:55:12","guid":{"rendered":"https:\/\/centresantmarti.org\/banco-de-recursos\/"},"modified":"2026-02-26T17:50:53","modified_gmt":"2026-02-26T17:50:53","slug":"banc-de-recursos","status":"publish","type":"page","link":"https:\/\/centresantmarti.org\/ca\/banc-de-recursos\/","title":{"rendered":"Banc de Recursos"},"content":{"rendered":"\n<section class=\"gb-element-7cb2ca09\">\n<div class=\"gb-element-8ef53ce2\">\n<span class=\"gb-text gb-text-dac61dd3\">Qu\u00e8 fem<\/span>\n\n\n\n<h1 class=\"gb-text gb-text-4072e86c\">Banc de Recursos<\/h1>\n\n\n\n<p class=\"gb-text gb-text-b83dcfa7\">Cobertura b\u00e0sica amb dignitat i acompanyament per a persones i fam\u00edlies del barri en situaci\u00f3 de vulnerabilitat.<\/p>\n<\/div>\n<\/section>\n\n\n\n<section class=\"gb-element-49b327e4\" id=\"de-reis\">\n<div class=\"gb-element-516ec2dd\">\n<div class=\"gb-element-bd2636d7\">\n<div class=\"gb-element-4277bf99\">\n<h3 class=\"gb-text gb-text-67f8106d\"><strong>+480<\/strong><\/h3>\n\n\n\n<span class=\"gb-text gb-text-2680bdb7\">fam\u00edlies ateses cada mes<\/span>\n<\/div>\n\n\n\n<div class=\"gb-element-f4c7f842\">\n<h3 class=\"gb-text gb-text-020f1aaa\"><strong>1996<\/strong><\/h3>\n\n\n\n<span class=\"gb-text gb-text-1cf336cc\">inici del suport del Banc d\u2019Aliments<\/span>\n<\/div>\n\n\n\n<div class=\"gb-element-651837a3\">\n<h3 class=\"gb-text gb-text-c16aa907\"><strong>Voluntariat<\/strong><\/h3>\n\n\n\n<span class=\"gb-text gb-text-443999ce\">equip estable + refor\u00e7 en dies de repartiment<\/span>\n<\/div>\n<\/div>\n<\/div>\n<\/section>\n\n\n\n<section class=\"gb-element-adf091c6\">\n<div class=\"gb-element-39b4bfaf\">\n<div class=\"gb-element-4048722b\">\n<a class=\"gb-element-329348a9\">\n<img loading=\"lazy\" decoding=\"async\" width=\"1078\" height=\"1440\" class=\"gb-media-3e868fa7\" alt=\"\" src=\"https:\/\/centresantmarti.org\/wp-content\/uploads\/2026\/02\/75adf9a6-9843-4c57-a062-b26d5c286767.jpg\" title=\"75adf9a6-9843-4c57-a062-b26d5c286767\" srcset=\"https:\/\/centresantmarti.org\/wp-content\/uploads\/2026\/02\/75adf9a6-9843-4c57-a062-b26d5c286767.jpg 1078w, https:\/\/centresantmarti.org\/wp-content\/uploads\/2026\/02\/75adf9a6-9843-4c57-a062-b26d5c286767-225x300.jpg 225w, https:\/\/centresantmarti.org\/wp-content\/uploads\/2026\/02\/75adf9a6-9843-4c57-a062-b26d5c286767-767x1024.jpg 767w, https:\/\/centresantmarti.org\/wp-content\/uploads\/2026\/02\/75adf9a6-9843-4c57-a062-b26d5c286767-768x1026.jpg 768w\" sizes=\"auto, (max-width: 1078px) 100vw, 1078px\" \/>\n<\/a>\n\n\n\n<div class=\"gb-element-34c44a29\" href=\"#\">\n<h2 class=\"gb-text gb-text-492e3b77\">Qu\u00e8 \u00e9s el Banc de Recursos?<\/h2>\n\n\n\n<p>El Banc de Recursos del Centre Sant Mart\u00ed garanteix l\u2019acc\u00e9s a <strong>aliments<\/strong>, productes d\u2019<strong>higiene personal<\/strong> i articles b\u00e0sics de <strong>neteja<\/strong> per a fam\u00edlies amb pocs recursos econ\u00f2mics.<\/p>\n\n\n\n<p>L\u2019atenci\u00f3 es realitza de manera organitzada i amb un enfocament respectu\u00f3s, coordinant-nos amb els serveis del territori per assegurar que el suport s\u2019integra dins d\u2019un proc\u00e9s d\u2019acompanyament social.<\/p>\n<\/div>\n<\/div>\n<\/div>\n\n\n\n<div class=\"gb-element-3b02d95c\">\n<div class=\"gb-element-1b35a1c6\">\n<a class=\"gb-element-c187b9dd\">\n<img loading=\"lazy\" decoding=\"async\" width=\"2016\" height=\"1512\" class=\"gb-media-6f35a225\" alt=\"\" src=\"https:\/\/centresantmarti.org\/wp-content\/uploads\/2026\/01\/REPARTO-ALIMENTOS-3.jpg\" title=\"REPARTO-ALIMENTOS-3\" srcset=\"https:\/\/centresantmarti.org\/wp-content\/uploads\/2026\/01\/REPARTO-ALIMENTOS-3.jpg 2016w, https:\/\/centresantmarti.org\/wp-content\/uploads\/2026\/01\/REPARTO-ALIMENTOS-3-300x225.jpg 300w, https:\/\/centresantmarti.org\/wp-content\/uploads\/2026\/01\/REPARTO-ALIMENTOS-3-1024x768.jpg 1024w, https:\/\/centresantmarti.org\/wp-content\/uploads\/2026\/01\/REPARTO-ALIMENTOS-3-768x576.jpg 768w, https:\/\/centresantmarti.org\/wp-content\/uploads\/2026\/01\/REPARTO-ALIMENTOS-3-1536x1152.jpg 1536w\" sizes=\"auto, (max-width: 2016px) 100vw, 2016px\" \/>\n<\/a>\n\n\n\n<div class=\"gb-element-42a661c1\" href=\"#\">\n<h3 class=\"gb-text gb-text-f492c908\">Un projecte amb hist\u00f2ria i arrelament<\/h3>\n\n\n\n<p class=\"gb-text\">Amb la consolidaci\u00f3 de l\u2019entitat, es va detectar que moltes fam\u00edlies del barri vivien situacions de greu vulnerabilitat. L\u2019any <strong>1996<\/strong> es va sol\u00b7licitar suport al <strong>Banc d\u2019Aliments<\/strong>, i des d\u2019aleshores el projecte ha crescut i s\u2019ha adaptat a la realitat social del barri.<\/p>\n\n\n\n<h4 class=\"gb-text\">M\u00e9s enll\u00e0 de l\u2019ajuda b\u00e0sica<\/h4>\n\n\n\n<p class=\"gb-text\">Cobrir necessitats b\u00e0siques \u00e9s imprescindible, per\u00f2 al Centre Sant Mart\u00ed entenem que \u00e9s nom\u00e9s el primer pas. El Banc de Recursos forma part d\u2019una mirada d\u2019<strong>atenci\u00f3 integral<\/strong> orientada a generar confian\u00e7a, reduir la urg\u00e8ncia i facilitar processos d\u2019autonomia i millora personal.<\/p>\n<\/div>\n<\/div>\n<\/div>\n<\/section>\n\n\n\n<section class=\"gb-element-7415a553\" style=\"--inline-bg-image: url(https:\/\/centresantmarti.org\/wp-content\/uploads\/2026\/01\/DESFILE-1.jpg)\" id=\"onze-impact\">\n<div class=\"gb-element-295df489\">\n<div class=\"gb-element-d1725f1f\">\n<div class=\"gb-element-f4592f36\">\n<h3 class=\"gb-text gb-text-61cce142\">Equip hum\u00e0<\/h3>\n\n\n\n<p class=\"gb-text gb-text-3eb5b5fc\">El Banc de Recursos funciona gr\u00e0cies al comprom\u00eds del voluntariat.<\/p>\n\n\n\n<p class=\"text-mobile gb-text-fc7d1a86\"><span class=\"gb-shape\"><svg version=\"1.1\" id=\"fi_681494\" xmlns=\"http:\/\/www.w3.org\/2000\/svg\" xmlns:xlink=\"http:\/\/www.w3.org\/1999\/xlink\" x=\"0px\" y=\"0px\" viewBox=\"0 0 511.999 511.999\" style=\"enable-background:new 0 0 511.999 511.999;\" xml:space=\"preserve\">\n<g>\n\t<g>\n\t\t<path d=\"M438.09,273.32h-39.596c4.036,11.05,6.241,22.975,6.241,35.404v149.65c0,5.182-0.902,10.156-2.543,14.782h65.461\n\t\t\tc24.453,0,44.346-19.894,44.346-44.346v-81.581C512,306.476,478.844,273.32,438.09,273.32z\"><\/path>\n\t<\/g>\n<\/g>\n<g>\n\t<g>\n\t\t<path d=\"M107.265,308.725c0-12.43,2.205-24.354,6.241-35.404H73.91c-40.754,0-73.91,33.156-73.91,73.91v81.581\n\t\t\tc0,24.452,19.893,44.346,44.346,44.346h65.462c-1.641-4.628-2.543-9.601-2.543-14.783V308.725z\"><\/path>\n\t<\/g>\n<\/g>\n<g>\n\t<g>\n\t\t<path d=\"M301.261,234.815h-90.522c-40.754,0-73.91,33.156-73.91,73.91v149.65c0,8.163,6.618,14.782,14.782,14.782h208.778\n\t\t\tc8.164,0,14.782-6.618,14.782-14.782v-149.65C375.171,267.971,342.015,234.815,301.261,234.815z\"><\/path>\n\t<\/g>\n<\/g>\n<g>\n\t<g>\n\t\t<path d=\"M256,38.84c-49.012,0-88.886,39.874-88.886,88.887c0,33.245,18.349,62.28,45.447,77.524\n\t\t\tc12.853,7.23,27.671,11.362,43.439,11.362c15.768,0,30.586-4.132,43.439-11.362c27.099-15.244,45.447-44.28,45.447-77.524\n\t\t\tC344.886,78.715,305.012,38.84,256,38.84z\"><\/path>\n\t<\/g>\n<\/g>\n<g>\n\t<g>\n\t\t<path d=\"M99.918,121.689c-36.655,0-66.475,29.82-66.475,66.475c0,36.655,29.82,66.475,66.475,66.475\n\t\t\tc9.298,0,18.152-1.926,26.195-5.388c13.906-5.987,25.372-16.585,32.467-29.86c4.98-9.317,7.813-19.946,7.813-31.227\n\t\t\tC166.393,151.51,136.573,121.689,99.918,121.689z\"><\/path>\n\t<\/g>\n<\/g>\n<g>\n\t<g>\n\t\t<path d=\"M412.082,121.689c-36.655,0-66.475,29.82-66.475,66.475c0,11.282,2.833,21.911,7.813,31.227\n\t\t\tc7.095,13.276,18.561,23.874,32.467,29.86c8.043,3.462,16.897,5.388,26.195,5.388c36.655,0,66.475-29.82,66.475-66.475\n\t\t\tC478.557,151.509,448.737,121.689,412.082,121.689z\"><\/path>\n\t<\/g>\n<\/g>\n<g>\n<\/g>\n<g>\n<\/g>\n<g>\n<\/g>\n<g>\n<\/g>\n<g>\n<\/g>\n<g>\n<\/g>\n<g>\n<\/g>\n<g>\n<\/g>\n<g>\n<\/g>\n<g>\n<\/g>\n<g>\n<\/g>\n<g>\n<\/g>\n<g>\n<\/g>\n<g>\n<\/g>\n<g>\n<\/g>\n<\/svg><\/span><span class=\"gb-text\"><strong><strong>Equip estable<br><\/strong><\/strong>4 persones volunt\u00e0ries gestionen el dia a dia.<\/span><\/p>\n\n\n\n<p class=\"text-mobile gb-text-999846e7\"><span class=\"gb-shape\"><svg id=\"fi_14813053\" enable-background=\"new 0 0 512 512\" viewBox=\"0 0 512 512\" xmlns=\"http:\/\/www.w3.org\/2000\/svg\"><g><path d=\"m256 181.946c-2.853 0-5.671.153-8.447.447-.733 7.777-2.642 15.576-5.78 23.189-2.81 6.817-6.417 13.047-10.684 18.621 9.463 6.533 17.88 14.478 24.912 23.555 7.033-9.077 15.45-17.022 24.913-23.555-4.271-5.574-7.879-11.805-10.689-18.622-3.139-7.615-5.049-15.413-5.785-23.188-2.775-.294-5.59-.447-8.44-.447z\"><\/path><path d=\"m256 290.967c-52.182 0-94.634 42.327-94.634 94.354s42.452 94.354 94.634 94.354 94.634-42.327 94.634-94.354-42.452-94.354-94.634-94.354zm37.598 109.964h-21.454v22.426c0 8.621-6.989 15.61-15.61 15.61-.18 0-.355-.021-.534-.027-8.371-.284-15.076-7.142-15.076-15.583v-22.426h-22.522c-8.621 0-15.61-6.989-15.61-15.61s6.989-15.61 15.61-15.61h22.522v-21.36c0-8.441 6.704-15.299 15.076-15.583.179-.006.354-.027.534-.027 8.621 0 15.61 6.989 15.61 15.61v21.36h21.454c8.621 0 15.61 6.989 15.61 15.61s-6.989 15.61-15.61 15.61z\"><\/path><path d=\"m105.178 224.194c-4.268-5.572-7.874-11.8-10.683-18.614-3.134-7.601-5.043-15.386-5.782-23.147-2.9-.32-5.846-.487-8.83-.487-44.048 0-79.883 35.836-79.883 79.884v21.433c0 2.869 2.334 5.203 5.203 5.203h55.204c6.688-26.47 22.907-49.18 44.771-64.272z\"><\/path><path d=\"m228.015 262.881c-6.193-7.016-13.598-12.937-21.88-17.44-11.294 6.042-24.199 9.342-37.927 9.342h-.067c-13.761 0-26.695-3.306-38.01-9.359-24.922 13.537-41.88 39.949-41.88 70.249v21.433c0 2.869 2.334 5.203 5.203 5.203h44.298c14.513-39.594 48.462-69.921 90.263-79.428z\"><\/path><path d=\"m381.882 245.431c-11.298 6.048-24.21 9.352-37.944 9.352h-.068c-13.754 0-26.682-3.302-37.992-9.349-8.286 4.504-15.696 10.427-21.892 17.447 41.8 9.507 75.75 39.835 90.262 79.428h44.298c2.869 0 5.203-2.334 5.203-5.203v-21.433c-.001-30.294-16.952-56.703-41.867-70.242z\"><\/path><path d=\"m432.117 182.227c-2.995 0-5.951.168-8.861.491-.755 7.67-2.659 15.359-5.755 22.867-2.808 6.812-6.413 13.038-10.676 18.609 21.939 15.145 38.192 37.963 44.836 64.553h55.136c2.869 0 5.203-2.334 5.203-5.203v-21.433c0-44.048-35.835-79.884-79.883-79.884z\"><\/path><path d=\"m331.966 97.561c3.911-.572 7.889-.867 11.9-.867 4.161 0 8.284.323 12.333.937 3.781-11.481 10.305-22.204 19.454-31.351 3.296-3.37 6.93-6.394 10.81-9.079-2.203-3.963-5.008-7.689-8.405-11.064-8.51-8.777-20.973-13.81-34.192-13.81-13.221 0-25.685 5.034-34.265 13.879-3.254 3.233-5.962 6.795-8.117 10.583 3.923 2.7 7.591 5.747 10.914 9.146 9.226 9.224 15.79 20.045 19.568 31.626z\"><\/path><path d=\"m79.889 169.72h.068c2.954 0 5.844-.257 8.652-.743 1.449-18.099 9.316-35.391 23.064-49.136 4.384-4.482 9.347-8.373 14.729-11.629-2.239-7.454-6.38-14.427-12.322-20.332-8.511-8.778-20.975-13.812-34.195-13.812-13.221 0-25.684 5.034-34.263 13.882-13.962 13.867-17.992 33.751-10.514 51.889 7.596 18.432 24.726 29.882 44.781 29.881z\"><\/path><path d=\"m155.871 97.62c4.029-.608 8.129-.927 12.266-.927 4.005 0 7.975.294 11.879.863 3.77-11.559 10.318-22.355 19.521-31.556 3.343-3.418 7.031-6.482 10.974-9.195-2.169-3.815-4.898-7.407-8.182-10.669-8.51-8.776-20.973-13.81-34.192-13.81-13.221 0-25.685 5.034-34.265 13.879-3.31 3.288-6.054 6.917-8.227 10.778 3.818 2.653 7.393 5.633 10.638 8.952 9.242 9.241 15.813 20.083 19.588 31.685z\"><\/path><path d=\"m400.262 119.776c13.841 13.842 21.733 31.262 23.133 49.475 2.831.491 5.746.75 8.728.75h.067c19.974 0 37.102-11.449 44.7-29.879 7.478-18.139 3.451-38.023-10.579-51.96-8.51-8.777-20.974-13.811-34.194-13.811s-25.683 5.034-34.263 13.879c-5.845 5.805-9.942 12.666-12.19 20.01 5.335 3.235 10.254 7.093 14.598 11.536z\"><\/path><path d=\"m343.866 127.913c-13.221 0-25.684 5.033-34.264 13.88-13.962 13.867-17.992 33.751-10.514 51.889 7.598 18.431 24.728 29.882 44.783 29.881h.068c19.975 0 37.102-11.448 44.7-29.877 7.478-18.139 3.45-38.024-10.58-51.963-8.511-8.777-20.974-13.81-34.193-13.81z\"><\/path><path d=\"m168.137 127.913c-13.221 0-25.684 5.033-34.264 13.88-13.962 13.868-17.992 33.751-10.514 51.89 7.598 18.431 24.728 29.882 44.783 29.881h.067c19.975 0 37.104-11.449 44.701-29.88 7.478-18.139 3.45-38.022-10.58-51.96-8.511-8.778-20.973-13.811-34.193-13.811z\"><\/path><path d=\"m224.531 119.773c9.217 9.217 15.782 20.025 19.564 31.593l.18-.019c3.891-.411 7.836-.619 11.726-.619 3.886 0 7.828.208 11.714.618l.173.018c3.773-11.546 10.32-22.329 19.513-31.521 4.474-4.574 9.545-8.54 15.055-11.835-2.254-7.376-6.372-14.276-12.261-20.127-8.51-8.777-20.974-13.81-34.193-13.81-13.221 0-25.684 5.034-34.263 13.881-5.853 5.813-9.953 12.684-12.2 20.039 5.488 3.281 10.539 7.228 14.992 11.782z\"><\/path><\/g><g><\/g><g><\/g><g><\/g><g><\/g><g><\/g><g><\/g><g><\/g><g><\/g><g><\/g><g><\/g><g><\/g><g><\/g><g><\/g><g><\/g><g><\/g><\/svg><\/span><span class=\"gb-text\"><strong>Equip de suport<\/strong><br>&nbsp;15\u201320 voluntaris\/es col\u00b7laboren durant els dies de repartiment.<\/span><\/p>\n<\/div>\n\n\n\n<div class=\"gb-element-c944f465\">\n<h3 class=\"gb-text gb-text-50f437b4\">Com treballem<\/h3>\n\n\n\n<p class=\"gb-text gb-text-ecdda56b\">El funcionament del Banc de Recursos es basa en principis clars:<\/p>\n\n\n\n<p class=\"text-mobile gb-text-1402e3f9\"><span class=\"gb-shape\"><svg id=\"fi_3082812\" enable-background=\"new 0 0 467.993 467.993\" height=\"512\" viewBox=\"0 0 467.993 467.993\" width=\"512\" xmlns=\"http:\/\/www.w3.org\/2000\/svg\"><g><g><path d=\"m178.625 421.25c-6.271-4.773-7.118-14.417-2.002-20.507l19.116-22.743c5.044-6.001 14.354-6.84 20.378-1.792 6.062 5.047 7.127 14.426 2.01 20.514l-19.115 22.742c-4.74 5.07-13.456 7.061-20.387 1.786z\"><\/path><path d=\"m127.822 378.437c-6.271-4.773-7.118-14.417-2.002-20.507l19.116-22.743c5.044-6.001 14.354-6.84 20.378-1.792 6.062 5.047 7.127 14.426 2.01 20.514l-19.115 22.742c-4.74 5.07-13.456 7.061-20.387 1.786z\"><\/path><path d=\"m76.024 336.62c-6.271-4.773-7.118-14.417-2.002-20.507l19.116-22.743c5.044-6.001 14.354-6.84 20.378-1.792 6.062 5.047 7.127 14.426 2.01 20.514l-19.116 22.742c-4.739 5.069-13.455 7.061-20.386 1.786z\"><\/path><path d=\"m26.218 292.811c-6.271-4.773-7.118-14.417-2.002-20.507l19.116-22.743c5.044-6.001 14.354-6.84 20.378-1.792 6.062 5.047 7.127 14.426 2.01 20.514l-19.115 22.742c-4.74 5.07-13.456 7.061-20.387 1.786z\"><\/path><\/g><path d=\"m298.381 20.27c-22.762 11.752-38.513 34.645-45.199 66.394-.277 1.317-.705 2.6-1.272 3.808l-42.233 90.361c-4.202 8.993-1.393 19.723 6.65 25.496 10.11 7.083 25.005 3.695 30.643-7.439l35.531-70.174c4.963-9.804 18.347-12.609 26.831-5.571l127.736 107.538c95.871-156.475-54.103-262.745-138.687-210.413z\"><\/path><path d=\"m445.594 279.325s-21.482-25.689-21.429-25.773l-120.54-99.973-29.796 58.847c-13.854 27.362-49.909 36.412-75.074 18.782-20.365-14.264-27.51-40.956-16.989-63.466l41.315-88.534c-.222-.406-7.388-37.42-37.015-56.764-56.578-36.939-130.965-10.428-163.339 45.994-30.765 53.616-30.159 121.679.984 174.888l5.82-6.924c12.017-14.297 33.798-16.456 47.884-4.19 13.65 11.886 15.309 32.55 3.615 46.463 11.834-14.079 32.859-15.916 46.962-4.102 14.103 11.815 15.942 32.805 4.109 46.884 11.834-14.079 32.859-15.915 46.962-4.101s15.942 32.805 4.109 46.885c11.833-14.08 32.859-15.916 46.962-4.102s15.942 32.805 4.109 46.884l-18.883 22.467c3.799 2.572 7.653 5.149 11.567 7.731l20.033 17.294c13.232 11.422 33.057 10.689 45.405-1.681 12.519-12.539 13.01-32.669 1.118-45.802l1.755 1.534c11.51 13.695 31.938 15.538 45.72 4.124 13.893-11.505 15.757-32.099 4.155-45.904l.094.111c10.033 11.938 27.299 15.28 40.737 7.362 17.571-10.354 20.962-33.294 8.461-48.167l-1.913-2.276c12.305 14.64 34.168 16.549 48.833 4.265 14.661-12.288 16.574-34.115 4.269-48.756z\"><\/path><\/g><\/svg><\/span><span class=\"gb-text\"><strong>Dignitat i respecte<br><\/strong>atenci\u00f3 propera, sense estigmatitzaci\u00f3..<\/span><\/p>\n\n\n\n<p class=\"text-mobile gb-text-a42bb962\"><span class=\"gb-shape\"><svg id=\"fi_6624712\" height=\"512\" viewBox=\"0 0 512 512\" width=\"512\" xmlns=\"http:\/\/www.w3.org\/2000\/svg\" data-name=\"Layer 1\"><path d=\"m56.871 331.34a194.094 194.094 0 1 1 274.494-274.486 194.094 194.094 0 1 1 -274.494 274.486zm444.164 169.67a37.737 37.737 0 0 0 0-53.141l-126.618-126.618a224.2 224.2 0 0 1 -24.332 28.809 221.808 221.808 0 0 1 -28.817 24.332l126.618 126.618a37.625 37.625 0 0 0 53.149 0zm-200.7-405.5c-48.879 3.671-79.745-8.949-94.335-38.593a13.245 13.245 0 0 0 -23.765 0c-14.589 29.644-45.448 42.264-94.335 38.591a13.255 13.255 0 0 0 -14.054 11.027c-8.623 51.746-.56 102.026 23.338 145.409 21.4 38.866 53.961 69.292 91.677 85.639a13.177 13.177 0 0 0 10.523 0c37.716-16.347 70.277-46.773 91.677-85.639 23.9-43.383 31.962-93.663 23.339-145.409a13.231 13.231 0 0 0 -14.062-11.027zm-106.221 215.361c55.521-26.808 106.479-95.208 95.8-188.343q-2.589.07-5.132.07c-40.86 0-71.214-11.894-90.667-35.469-20.257 24.561-52.361 36.423-95.791 35.4-10.682 93.134 40.276 161.534 95.79 188.342zm56.372-141.847a13.238 13.238 0 1 0 -20.832-16.34l-43.446 55.388-29.227-26.09a13.236 13.236 0 1 0 -17.632 19.745l39.751 35.493a13.271 13.271 0 0 0 8.82 3.358 11.374 11.374 0 0 0 1.167-.048 13.223 13.223 0 0 0 9.246-5.02z\" fill-rule=\"evenodd\"><\/path><\/svg><\/span><span class=\"gb-text\"><strong>Organitzaci\u00f3 i transpar\u00e8ncia<br><\/strong>repartiment ordenat, equitatiu i responsable.<\/span><\/p>\n\n\n\n<p class=\"text-mobile gb-text-eef39a4f\"><span class=\"gb-shape\"><svg id=\"fi_4337295\" enable-background=\"new 0 0 512 512\" height=\"512\" viewBox=\"0 0 512 512\" width=\"512\" xmlns=\"http:\/\/www.w3.org\/2000\/svg\"><g><path d=\"m151.033 55.7c0-30.713-24.987-55.7-55.7-55.7-73.894 3.06-73.873 108.352 0 111.4 30.714 0 55.7-24.987 55.7-55.7z\"><\/path><path d=\"m190.667 223.867v-17.133c-5.252-126.505-185.462-126.407-190.667-.001v17.133c0 8.284 6.716 15 15 15h160.667c8.284.001 15-6.715 15-14.999z\"><\/path><path d=\"m472.367 55.7c0-30.713-24.987-55.7-55.7-55.7-73.894 3.06-73.873 108.352 0 111.4 30.713 0 55.7-24.987 55.7-55.7z\"><\/path><path d=\"m416.667 111.4c-52.567 0-95.333 42.767-95.333 95.333v17.133c0 8.284 6.716 15 15 15h160.666c8.284 0 15-6.716 15-15v-17.133c0-52.566-42.766-95.333-95.333-95.333z\"><\/path><path d=\"m94.267 272.067c0-1.07.02-2.135.04-3.2h-30c-1.194 64.3 29.976 122.392 78.244 157.768 4.312-9.154 9.7-17.703 16-25.488-39.048-29.525-64.284-76.353-64.284-129.08z\"><\/path><path d=\"m189.804 124.461c39.896-18.684 92.496-18.684 132.392 0 7.114-8.159 15.264-15.391 24.245-21.489-53.095-29.899-127.786-29.898-180.881 0 8.98 6.098 17.13 13.331 24.244 21.489z\"><\/path><path d=\"m417.693 268.867c1.165 53.589-24.4 102.267-64.244 132.28 6.3 7.784 11.687 16.334 16 25.488 48.266-35.373 79.439-93.47 78.244-157.768z\"><\/path><path d=\"m311.7 328.833c0-30.713-24.987-55.7-55.7-55.7-73.894 3.06-73.873 108.352 0 111.4 30.713 0 55.7-24.986 55.7-55.7z\"><\/path><path d=\"m256 384.533c-52.567 0-95.333 42.767-95.333 95.333v17.134c0 8.284 6.716 15 15 15h160.667c8.284 0 15-6.716 15-15v-17.133c-.001-52.567-42.767-95.334-95.334-95.334z\"><\/path><\/g><\/svg><\/span><span class=\"gb-text\"><strong>Treball en xarxa<br><\/strong>coordinaci\u00f3 amb serveis socials i entitats col\u00b7laboradores.<\/span><\/p>\n\n\n\n<p class=\"text-mobile gb-text-60bc46fe\"><span class=\"gb-shape\"><svg id=\"fi_4689108\" enable-background=\"new 0 0 512 512\" height=\"512\" viewBox=\"0 0 512 512\" width=\"512\" xmlns=\"http:\/\/www.w3.org\/2000\/svg\"><g><path d=\"m284.248 19.197-3.514-3.514c-15.277-15.275-39.44-12.871-52.943 3.467l28.24 28.261z\"><\/path><path d=\"m507.605 341.455-32.63-32.623c-22.292 22.299-70.43 70.446-108.267 108.263-18.009 18.013-38.853 32.386-62.018 42.798l42.264 42.255c5.859 5.857 15.356 5.856 21.214-.003l139.439-139.477c5.858-5.859 5.857-15.356-.002-21.213z\"><\/path><path d=\"m466.12 275.258c31.498-33.952-15.443-80.965-49.384-49.436l12.324-12.368c31.498-33.984-15.436-80.964-49.471-49.436l12.412-12.368c31.524-34.013-15.5-80.966-49.471-49.445 0 0 12.412-12.359 12.412-12.359 31.542-34.031-15.55-80.955-49.472-49.444 0 0-28.233 28.231-28.233 28.231s24.717 24.735 24.717 24.735c36.223 35.273 17.394 99.324-32.01 109.395-4.682 23.634-25.444 44.668-49.378 49.421-4.683 23.679-25.481 44.729-49.475 49.46-10.281 49.385-73.756 68.267-109.374 31.904 0 .001-24.7-24.716-24.7-24.716l-32.623 32.62c-5.859 5.858-5.858 15.357.001 21.215l139.518 139.48c5.859 5.857 15.357 5.856 21.214-.004l53.812-53.834c47.461 0 92.999-18.862 126.562-52.434 50.958-50.93 120.619-120.617 120.619-120.617z\"><\/path><path d=\"m82.938 312.343c34.002 31.531 80.984-15.46 49.471-49.444 34.004 31.529 80.984-15.46 49.471-49.445 33.976 31.542 80.869-15.521 49.384-49.436 33.958 31.517 81.002-15.427 49.47-49.445 0 0-74.119-74.171-74.119-74.171-13.722-13.644-35.836-13.644-49.47 0-13.636 13.644-13.636 35.801 0 49.445 0 0 12.323 12.359 12.323 12.359-33.927-31.552-81.035 15.591-49.383 49.445 0 0 12.323 12.367 12.323 12.367-33.987-31.543-80.987 15.455-49.47 49.436 0 0 11.653 11.647 11.653 11.647-34.324-30.115-79.856 16.669-48.714 50.157.001-.001 37.061 37.085 37.061 37.085z\"><\/path><\/g><\/svg><\/span><span class=\"gb-text\"><strong>Acompanyament<br><\/strong>el suport b\u00e0sic pot ser la porta d\u2019entrada a altres programes.<\/span><\/p>\n<\/div>\n<\/div>\n<\/div>\n<\/section>\n","protected":false},"excerpt":{"rendered":"<p>Qu\u00e8 fem Banc de Recursos Cobertura b\u00e0sica amb dignitat i acompanyament per a persones i fam\u00edlies del barri en situaci\u00f3 de vulnerabilitat. +480 fam\u00edlies ateses cada mes 1996 inici del suport del Banc d\u2019Aliments Voluntariat equip estable + refor\u00e7 en dies de repartiment Qu\u00e8 \u00e9s el Banc de Recursos? El Banc de Recursos del Centre &#8230; <a title=\"Banc de Recursos\" class=\"read-more\" href=\"https:\/\/centresantmarti.org\/ca\/banc-de-recursos\/\" aria-label=\"M\u00e9s informaci\u00f3 sobre Banc de Recursos\">Read more<\/a><\/p>\n","protected":false},"author":5,"featured_media":0,"parent":0,"menu_order":0,"comment_status":"closed","ping_status":"closed","template":"","meta":{"_acf_changed":false,"footnotes":""},"class_list":["post-3054","page","type-page","status-publish"],"acf":[],"_hostinger_reach_plugin_has_subscription_block":false,"_hostinger_reach_plugin_is_elementor":false,"_links":{"self":[{"href":"https:\/\/centresantmarti.org\/ca\/wp-json\/wp\/v2\/pages\/3054","targetHints":{"allow":["GET"]}}],"collection":[{"href":"https:\/\/centresantmarti.org\/ca\/wp-json\/wp\/v2\/pages"}],"about":[{"href":"https:\/\/centresantmarti.org\/ca\/wp-json\/wp\/v2\/types\/page"}],"author":[{"embeddable":true,"href":"https:\/\/centresantmarti.org\/ca\/wp-json\/wp\/v2\/users\/5"}],"replies":[{"embeddable":true,"href":"https:\/\/centresantmarti.org\/ca\/wp-json\/wp\/v2\/comments?post=3054"}],"version-history":[{"count":2,"href":"https:\/\/centresantmarti.org\/ca\/wp-json\/wp\/v2\/pages\/3054\/revisions"}],"predecessor-version":[{"id":3060,"href":"https:\/\/centresantmarti.org\/ca\/wp-json\/wp\/v2\/pages\/3054\/revisions\/3060"}],"wp:attachment":[{"href":"https:\/\/centresantmarti.org\/ca\/wp-json\/wp\/v2\/media?parent=3054"}],"curies":[{"name":"wp","href":"https:\/\/api.w.org\/{rel}","templated":true}]}}