{"id":3062,"date":"2026-01-08T13:55:33","date_gmt":"2026-01-08T13:55:33","guid":{"rendered":"https:\/\/centresantmarti.org\/taller-textil-solidario\/"},"modified":"2026-02-26T17:50:54","modified_gmt":"2026-02-26T17:50:54","slug":"taller-textil-solidari","status":"publish","type":"page","link":"https:\/\/centresantmarti.org\/ca\/taller-textil-solidari\/","title":{"rendered":"Taller T\u00e8xtil Solidari"},"content":{"rendered":"\n<section class=\"gb-element-7cb2ca09\">\n<div class=\"gb-element-8ef53ce2\">\n<span class=\"gb-text gb-text-dac61dd3\">Qu\u00e8 fem<\/span>\n\n\n\n<h1 class=\"gb-text gb-text-4072e86c\">Taller T\u00e8xtil Solidari<\/h1>\n\n\n\n<p class=\"gb-text gb-text-b83dcfa7\">Un espai de formaci\u00f3, acompanyament i inserci\u00f3 sociolaboral que transforma el talent en oportunitats, alhora que genera ingressos per sostenir projectes socials del Centre Sant Mart\u00ed.<\/p>\n<\/div>\n<\/section>\n\n\n\n<section class=\"gb-element-49b327e4\" id=\"de-reis\">\n<div class=\"gb-element-516ec2dd\">\n<div class=\"gb-element-bd2636d7\">\n<div class=\"gb-element-4277bf99\">\n<h3 class=\"gb-text gb-text-67f8106d\"><strong>Formaci\u00f3<\/strong><\/h3>\n\n\n\n<span class=\"gb-text gb-text-2680bdb7\">aprenentatge pr\u00e0ctic i acompanyament<\/span>\n<\/div>\n\n\n\n<div class=\"gb-element-f4c7f842\">\n<h3 class=\"gb-text gb-text-020f1aaa\"><strong>Inserci\u00f3<\/strong><\/h3>\n\n\n\n<span class=\"gb-text gb-text-1cf336cc\">orientaci\u00f3 a l\u2019ocupaci\u00f3 i millora de l\u2019autonomia<\/span>\n<\/div>\n\n\n\n<div class=\"gb-element-651837a3\">\n<h3 class=\"gb-text gb-text-c16aa907\"><strong>Sostenibilidad<\/strong><\/h3>\n\n\n\n<span class=\"gb-text gb-text-443999ce\">producci\u00f3 solid\u00e0ria que dona suport a la missi\u00f3<\/span>\n<\/div>\n<\/div>\n<\/div>\n<\/section>\n\n\n\n<section class=\"gb-element-adf091c6\">\n<div class=\"gb-element-39b4bfaf\">\n<div class=\"gb-element-4048722b\">\n<a class=\"gb-element-329348a9\">\n<img loading=\"lazy\" decoding=\"async\" width=\"1600\" height=\"1200\" class=\"gb-media-3e868fa7\" alt=\"Actividad diaria en el Taller Textil Solidario del Centre Sant Mart\u00ed, con personas participantes trabajando en m\u00e1quinas de coser y en la preparaci\u00f3n de prendas en un entorno formativo y laboral.\" src=\"https:\/\/centresantmarti.org\/wp-content\/uploads\/2026\/01\/TT3.jpg\" title=\"TT3\" srcset=\"https:\/\/centresantmarti.org\/wp-content\/uploads\/2026\/01\/TT3.jpg 1600w, https:\/\/centresantmarti.org\/wp-content\/uploads\/2026\/01\/TT3-300x225.jpg 300w, https:\/\/centresantmarti.org\/wp-content\/uploads\/2026\/01\/TT3-1024x768.jpg 1024w, https:\/\/centresantmarti.org\/wp-content\/uploads\/2026\/01\/TT3-768x576.jpg 768w, https:\/\/centresantmarti.org\/wp-content\/uploads\/2026\/01\/TT3-1536x1152.jpg 1536w\" sizes=\"auto, (max-width: 1600px) 100vw, 1600px\" \/>\n<\/a>\n\n\n\n<div class=\"gb-element-34c44a29\" href=\"#\">\n<h2 class=\"gb-text gb-text-492e3b77\">Qu\u00e8 \u00e9s el Taller T\u00e8xtil Solidari?<\/h2>\n\n\n\n<p>El Taller T\u00e8xtil Solidari \u00e9s un projecte que combina aprenentatge, millora personal i inserci\u00f3 sociolaboral a trav\u00e9s de l\u2019activitat t\u00e8xtil. \u00c9s un entorn de treball real on les participants desenvolupen habilitats t\u00e8cniques i h\u00e0bits laborals, refor\u00e7ant la seva confian\u00e7a i autonomia.<\/p>\n\n\n\n<p>Alhora, el taller impulsa una producci\u00f3 amb prop\u00f2sit: una part dels ingressos contribueix a sostenir les accions socials de l\u2019entitat.<\/p>\n<\/div>\n<\/div>\n<\/div>\n\n\n\n<div class=\"gb-element-3b02d95c\">\n<div class=\"gb-element-1b35a1c6\">\n<a class=\"gb-element-c187b9dd\">\n<img loading=\"lazy\" decoding=\"async\" width=\"1600\" height=\"1200\" class=\"gb-media-6f35a225\" alt=\"Personas participantes y voluntariado del Taller Textil Solidario del Centre Sant Mart\u00ed trabajando juntas en la confecci\u00f3n de prendas en el espacio de costura.\" src=\"https:\/\/centresantmarti.org\/wp-content\/uploads\/2026\/01\/IMG-20240404-WA0028.jpg\" title=\"IMG-20240404-WA0028\" srcset=\"https:\/\/centresantmarti.org\/wp-content\/uploads\/2026\/01\/IMG-20240404-WA0028.jpg 1600w, https:\/\/centresantmarti.org\/wp-content\/uploads\/2026\/01\/IMG-20240404-WA0028-300x225.jpg 300w, https:\/\/centresantmarti.org\/wp-content\/uploads\/2026\/01\/IMG-20240404-WA0028-1024x768.jpg 1024w, https:\/\/centresantmarti.org\/wp-content\/uploads\/2026\/01\/IMG-20240404-WA0028-768x576.jpg 768w, https:\/\/centresantmarti.org\/wp-content\/uploads\/2026\/01\/IMG-20240404-WA0028-1536x1152.jpg 1536w\" sizes=\"auto, (max-width: 1600px) 100vw, 1600px\" \/>\n<\/a>\n\n\n\n<div class=\"gb-element-42a661c1\" href=\"#\">\n<h3 class=\"gb-text gb-text-f492c908\">Objectius del projecte<\/h3>\n\n\n\n<ul class=\"wp-block-list\">\n<li><strong>Millorar l\u2019ocupabilitat<\/strong> mitjan\u00e7ant formaci\u00f3 pr\u00e0ctica i adquisici\u00f3 de compet\u00e8ncies.<\/li>\n\n\n\n<li><strong>Acompanyar processos<\/strong> personals en un entorn segur i de confian\u00e7a.<\/li>\n\n\n\n<li><strong>Fomentar l\u2019autonomia<\/strong> i la responsabilitat a trav\u00e9s de rutines i metodologia de treball.<\/li>\n\n\n\n<li><strong>Crear oportunitats<\/strong> d\u2019inserci\u00f3 i derivaci\u00f3 a ocupaci\u00f3 o formaci\u00f3 reglada.<\/li>\n<\/ul>\n\n\n\n<h4 class=\"gb-text\">Impacte social<\/h4>\n\n\n\n<p class=\"gb-text\">El Taller T\u00e8xtil Solidari \u00e9s una palanca de transformaci\u00f3: ofereix un espai estable on recuperar rutines, sentir-se capa\u00e7 i avan\u00e7ar cap a l\u2019autonomia. La suma de formaci\u00f3 + acompanyament obre portes a la inserci\u00f3 i a una millora real de la qualitat de vida.<\/p>\n<\/div>\n<\/div>\n<\/div>\n<\/section>\n\n\n\n<section class=\"gb-element-6f1aef6d\" style=\"--inline-bg-image: url(https:\/\/centresantmarti.org\/wp-content\/uploads\/2026\/01\/TALLER-TEXTIL-1.jpg)\" id=\"onze-impact\">\n<div class=\"gb-element-9b3a3b57\">\n<div class=\"gb-element-288412f6\">\n<div class=\"gb-element-2e61bf5d\">\n<h3 class=\"gb-text gb-text-2f8b161f\">Equip hum\u00e0<\/h3>\n\n\n\n<p class=\"gb-text gb-text-d7956db8\">El Taller T\u00e8xtil Solidari combina equip professional i voluntariat per garantir acompanyament i producci\u00f3.<\/p>\n\n\n\n<p class=\"text-mobile gb-text-8d1088b7\"><span class=\"gb-shape\"><svg version=\"1.1\" id=\"fi_681494\" xmlns=\"http:\/\/www.w3.org\/2000\/svg\" xmlns:xlink=\"http:\/\/www.w3.org\/1999\/xlink\" x=\"0px\" y=\"0px\" viewBox=\"0 0 511.999 511.999\" style=\"enable-background:new 0 0 511.999 511.999;\" xml:space=\"preserve\">\n<g>\n\t<g>\n\t\t<path d=\"M438.09,273.32h-39.596c4.036,11.05,6.241,22.975,6.241,35.404v149.65c0,5.182-0.902,10.156-2.543,14.782h65.461\n\t\t\tc24.453,0,44.346-19.894,44.346-44.346v-81.581C512,306.476,478.844,273.32,438.09,273.32z\"><\/path>\n\t<\/g>\n<\/g>\n<g>\n\t<g>\n\t\t<path d=\"M107.265,308.725c0-12.43,2.205-24.354,6.241-35.404H73.91c-40.754,0-73.91,33.156-73.91,73.91v81.581\n\t\t\tc0,24.452,19.893,44.346,44.346,44.346h65.462c-1.641-4.628-2.543-9.601-2.543-14.783V308.725z\"><\/path>\n\t<\/g>\n<\/g>\n<g>\n\t<g>\n\t\t<path d=\"M301.261,234.815h-90.522c-40.754,0-73.91,33.156-73.91,73.91v149.65c0,8.163,6.618,14.782,14.782,14.782h208.778\n\t\t\tc8.164,0,14.782-6.618,14.782-14.782v-149.65C375.171,267.971,342.015,234.815,301.261,234.815z\"><\/path>\n\t<\/g>\n<\/g>\n<g>\n\t<g>\n\t\t<path d=\"M256,38.84c-49.012,0-88.886,39.874-88.886,88.887c0,33.245,18.349,62.28,45.447,77.524\n\t\t\tc12.853,7.23,27.671,11.362,43.439,11.362c15.768,0,30.586-4.132,43.439-11.362c27.099-15.244,45.447-44.28,45.447-77.524\n\t\t\tC344.886,78.715,305.012,38.84,256,38.84z\"><\/path>\n\t<\/g>\n<\/g>\n<g>\n\t<g>\n\t\t<path d=\"M99.918,121.689c-36.655,0-66.475,29.82-66.475,66.475c0,36.655,29.82,66.475,66.475,66.475\n\t\t\tc9.298,0,18.152-1.926,26.195-5.388c13.906-5.987,25.372-16.585,32.467-29.86c4.98-9.317,7.813-19.946,7.813-31.227\n\t\t\tC166.393,151.51,136.573,121.689,99.918,121.689z\"><\/path>\n\t<\/g>\n<\/g>\n<g>\n\t<g>\n\t\t<path d=\"M412.082,121.689c-36.655,0-66.475,29.82-66.475,66.475c0,11.282,2.833,21.911,7.813,31.227\n\t\t\tc7.095,13.276,18.561,23.874,32.467,29.86c8.043,3.462,16.897,5.388,26.195,5.388c36.655,0,66.475-29.82,66.475-66.475\n\t\t\tC478.557,151.509,448.737,121.689,412.082,121.689z\"><\/path>\n\t<\/g>\n<\/g>\n<g>\n<\/g>\n<g>\n<\/g>\n<g>\n<\/g>\n<g>\n<\/g>\n<g>\n<\/g>\n<g>\n<\/g>\n<g>\n<\/g>\n<g>\n<\/g>\n<g>\n<\/g>\n<g>\n<\/g>\n<g>\n<\/g>\n<g>\n<\/g>\n<g>\n<\/g>\n<g>\n<\/g>\n<g>\n<\/g>\n<\/svg><\/span><span class=\"gb-text\"><strong>5 persones contractades<br><\/strong>per a producci\u00f3 i gesti\u00f3.<\/span><\/p>\n\n\n\n<p class=\"text-mobile gb-text-98dfd116\"><span class=\"gb-shape\"><svg id=\"fi_14813053\" enable-background=\"new 0 0 512 512\" viewBox=\"0 0 512 512\" xmlns=\"http:\/\/www.w3.org\/2000\/svg\"><g><path d=\"m256 181.946c-2.853 0-5.671.153-8.447.447-.733 7.777-2.642 15.576-5.78 23.189-2.81 6.817-6.417 13.047-10.684 18.621 9.463 6.533 17.88 14.478 24.912 23.555 7.033-9.077 15.45-17.022 24.913-23.555-4.271-5.574-7.879-11.805-10.689-18.622-3.139-7.615-5.049-15.413-5.785-23.188-2.775-.294-5.59-.447-8.44-.447z\"><\/path><path d=\"m256 290.967c-52.182 0-94.634 42.327-94.634 94.354s42.452 94.354 94.634 94.354 94.634-42.327 94.634-94.354-42.452-94.354-94.634-94.354zm37.598 109.964h-21.454v22.426c0 8.621-6.989 15.61-15.61 15.61-.18 0-.355-.021-.534-.027-8.371-.284-15.076-7.142-15.076-15.583v-22.426h-22.522c-8.621 0-15.61-6.989-15.61-15.61s6.989-15.61 15.61-15.61h22.522v-21.36c0-8.441 6.704-15.299 15.076-15.583.179-.006.354-.027.534-.027 8.621 0 15.61 6.989 15.61 15.61v21.36h21.454c8.621 0 15.61 6.989 15.61 15.61s-6.989 15.61-15.61 15.61z\"><\/path><path d=\"m105.178 224.194c-4.268-5.572-7.874-11.8-10.683-18.614-3.134-7.601-5.043-15.386-5.782-23.147-2.9-.32-5.846-.487-8.83-.487-44.048 0-79.883 35.836-79.883 79.884v21.433c0 2.869 2.334 5.203 5.203 5.203h55.204c6.688-26.47 22.907-49.18 44.771-64.272z\"><\/path><path d=\"m228.015 262.881c-6.193-7.016-13.598-12.937-21.88-17.44-11.294 6.042-24.199 9.342-37.927 9.342h-.067c-13.761 0-26.695-3.306-38.01-9.359-24.922 13.537-41.88 39.949-41.88 70.249v21.433c0 2.869 2.334 5.203 5.203 5.203h44.298c14.513-39.594 48.462-69.921 90.263-79.428z\"><\/path><path d=\"m381.882 245.431c-11.298 6.048-24.21 9.352-37.944 9.352h-.068c-13.754 0-26.682-3.302-37.992-9.349-8.286 4.504-15.696 10.427-21.892 17.447 41.8 9.507 75.75 39.835 90.262 79.428h44.298c2.869 0 5.203-2.334 5.203-5.203v-21.433c-.001-30.294-16.952-56.703-41.867-70.242z\"><\/path><path d=\"m432.117 182.227c-2.995 0-5.951.168-8.861.491-.755 7.67-2.659 15.359-5.755 22.867-2.808 6.812-6.413 13.038-10.676 18.609 21.939 15.145 38.192 37.963 44.836 64.553h55.136c2.869 0 5.203-2.334 5.203-5.203v-21.433c0-44.048-35.835-79.884-79.883-79.884z\"><\/path><path d=\"m331.966 97.561c3.911-.572 7.889-.867 11.9-.867 4.161 0 8.284.323 12.333.937 3.781-11.481 10.305-22.204 19.454-31.351 3.296-3.37 6.93-6.394 10.81-9.079-2.203-3.963-5.008-7.689-8.405-11.064-8.51-8.777-20.973-13.81-34.192-13.81-13.221 0-25.685 5.034-34.265 13.879-3.254 3.233-5.962 6.795-8.117 10.583 3.923 2.7 7.591 5.747 10.914 9.146 9.226 9.224 15.79 20.045 19.568 31.626z\"><\/path><path d=\"m79.889 169.72h.068c2.954 0 5.844-.257 8.652-.743 1.449-18.099 9.316-35.391 23.064-49.136 4.384-4.482 9.347-8.373 14.729-11.629-2.239-7.454-6.38-14.427-12.322-20.332-8.511-8.778-20.975-13.812-34.195-13.812-13.221 0-25.684 5.034-34.263 13.882-13.962 13.867-17.992 33.751-10.514 51.889 7.596 18.432 24.726 29.882 44.781 29.881z\"><\/path><path d=\"m155.871 97.62c4.029-.608 8.129-.927 12.266-.927 4.005 0 7.975.294 11.879.863 3.77-11.559 10.318-22.355 19.521-31.556 3.343-3.418 7.031-6.482 10.974-9.195-2.169-3.815-4.898-7.407-8.182-10.669-8.51-8.776-20.973-13.81-34.192-13.81-13.221 0-25.685 5.034-34.265 13.879-3.31 3.288-6.054 6.917-8.227 10.778 3.818 2.653 7.393 5.633 10.638 8.952 9.242 9.241 15.813 20.083 19.588 31.685z\"><\/path><path d=\"m400.262 119.776c13.841 13.842 21.733 31.262 23.133 49.475 2.831.491 5.746.75 8.728.75h.067c19.974 0 37.102-11.449 44.7-29.879 7.478-18.139 3.451-38.023-10.579-51.96-8.51-8.777-20.974-13.811-34.194-13.811s-25.683 5.034-34.263 13.879c-5.845 5.805-9.942 12.666-12.19 20.01 5.335 3.235 10.254 7.093 14.598 11.536z\"><\/path><path d=\"m343.866 127.913c-13.221 0-25.684 5.033-34.264 13.88-13.962 13.867-17.992 33.751-10.514 51.889 7.598 18.431 24.728 29.882 44.783 29.881h.068c19.975 0 37.102-11.448 44.7-29.877 7.478-18.139 3.45-38.024-10.58-51.963-8.511-8.777-20.974-13.81-34.193-13.81z\"><\/path><path d=\"m168.137 127.913c-13.221 0-25.684 5.033-34.264 13.88-13.962 13.868-17.992 33.751-10.514 51.89 7.598 18.431 24.728 29.882 44.783 29.881h.067c19.975 0 37.104-11.449 44.701-29.88 7.478-18.139 3.45-38.022-10.58-51.96-8.511-8.778-20.973-13.811-34.193-13.811z\"><\/path><path d=\"m224.531 119.773c9.217 9.217 15.782 20.025 19.564 31.593l.18-.019c3.891-.411 7.836-.619 11.726-.619 3.886 0 7.828.208 11.714.618l.173.018c3.773-11.546 10.32-22.329 19.513-31.521 4.474-4.574 9.545-8.54 15.055-11.835-2.254-7.376-6.372-14.276-12.261-20.127-8.51-8.777-20.974-13.81-34.193-13.81-13.221 0-25.684 5.034-34.263 13.881-5.853 5.813-9.953 12.684-12.2 20.039 5.488 3.281 10.539 7.228 14.992 11.782z\"><\/path><\/g><g><\/g><g><\/g><g><\/g><g><\/g><g><\/g><g><\/g><g><\/g><g><\/g><g><\/g><g><\/g><g><\/g><g><\/g><g><\/g><g><\/g><g><\/g><\/svg><\/span><span class=\"gb-text\"><strong>16 voluntaris\/es habituals<br><\/strong>de suport (costura, etiquetatge, suport).<\/span><\/p>\n<\/div>\n\n\n\n<div class=\"gb-element-c944f465\">\n<h3 class=\"gb-text gb-text-50f437b4\">Com treballem<\/h3>\n\n\n\n<p class=\"gb-text gb-text-ecdda56b\">El taller es basa en un aprenentatge progressiu i un acompanyament continu, adaptat al ritme i a les necessitats de cada persona. Es treballa tant la part t\u00e8cnica com la preparaci\u00f3 per al m\u00f3n laboral.<\/p>\n\n\n\n<p class=\"text-mobile gb-text-1402e3f9\"><span class=\"gb-shape\"><svg id=\"fi_17998191\" viewBox=\"0 0 64 64\" xmlns=\"http:\/\/www.w3.org\/2000\/svg\"><path d=\"m57.03003 31.92999h.87994c1.43005 0 2.59003-1.16003 2.59003-2.59003v-11.73999c0-1.42999-1.15997-2.58997-2.59003-2.58997h-.87994c-1.42004 0-2.59003 1.15997-2.59003 2.58997v1.66003h-4.84998c-2.33002-1.68005-5.33002-1.99005-8.68005-1.70001v-4.28003c0-.54999-.44995-1-1-1-.56 0-1 .45001-1 1v4.51001c-5.04813.67772-10.87189 2.40596-15.81995 2.41004-6.64002 0-10.45001-2.44001-11.78003-3.48004-.62-.48999-1.46997-.51001-2.10999-.07001l-.85999.60004c-.13.09998-.21002.25-.21002.40997v4.29004h-2.21002c-.54999 0-1 .44995-1 1 0 .54999.45001 1 1 1h2.21002v4.53998h-2.21002c-.54999 0-1 .44-1 1 0 .54999.45001 1 1 1h2.21002v4.54999c0 .97998.72998 1.79999 1.67999 1.92999v4.16003c.03215 1.31126 1.97571 1.3191 2-.00005v-4.14998c.67999-.04999 1.27002-.32001 1.75-.82001 1.27002-1.31 1.47003-3.94 1.40002-5.90997-.03003-1.17004.63995-2.21002 1.67999-2.59003 6.21997-2.22998 21.79999.32001 23.14001 3.79004 1.27997 3.34998-3.87006 10.75-6.15002 13.56h-28.69999c-.78998 0-1.42999.63995-1.42999 1.41998v3.35999c0 .78998.64001 1.42999 1.42999 1.42999h54.14001c.78998 0 1.42999-.64001 1.42999-1.42999v-3.35999c0-.78003-.64001-1.41998-1.42999-1.41998h-7.13v-7.72003c.15523-3.00717-1.48449-5.3026-1.40018-8.58.18014-.3.62015-1.09999.83017-2.3h3.07001v2.92999c0 1.42999 1.16998 2.59003 2.59003 2.59003zm-13.07001-3.98999h.51996v-.53003c.01906-1.31541 1.98705-1.31684 2 .00004 0-.00004 0 .52999 0 .52999h.53003c.56 0 1 .44 1 1 0 .54999-.44 1-1 1h-.53003v.73999h.53003c.56 0 1 .45001 1 1s-.44 1-1 1h-.53003v.91998c-.01759 1.31159-1.97512 1.3164-2-.00005v-.91994h-.51996c-1.31516-.02022-1.31625-1.97984.00004-2-.00004 0 .51992 0 .51992 0v-.73999h-.51996c-1.31597-.01871-1.31622-1.98747 0-2z\"><\/path><\/svg><\/span><span class=\"gb-text\"><strong>Formaci\u00f3 pr\u00e0ctica<br><\/strong>costura, acabats, qualitat, organitzaci\u00f3 del lloc de treball..<\/span><\/p>\n\n\n\n<p class=\"text-mobile gb-text-a42bb962\"><span class=\"gb-shape\"><svg version=\"1.1\" id=\"fi_734307\" xmlns=\"http:\/\/www.w3.org\/2000\/svg\" xmlns:xlink=\"http:\/\/www.w3.org\/1999\/xlink\" x=\"0px\" y=\"0px\" viewBox=\"0 0 512 512\" style=\"enable-background:new 0 0 512 512;\" xml:space=\"preserve\">\n<g>\n\t<g>\n\t\t<path d=\"M480.682,319.633v-32.315h-148.97c0,41.814-33.897,75.712-75.712,75.712s-75.712-33.897-75.712-75.712H31.318v32.315\n\t\t\tl64.688,6.85c4.035,16.54,10.568,32.102,19.177,46.262l-40.908,50.597l45.701,45.701l50.597-40.908\n\t\t\tc14.16,8.609,29.722,15.142,46.262,19.177l6.85,64.688h64.63l6.85-64.688c16.54-4.035,32.102-10.568,46.262-19.177l50.597,40.908\n\t\t\tl45.701-45.701l-40.908-50.597c8.609-14.16,15.142-29.722,19.177-46.262L480.682,319.633z\"><\/path>\n\t<\/g>\n<\/g>\n<g>\n\t<g>\n\t\t<path d=\"M256,0c-31.999,0-58.033,26.034-58.033,58.033c0,31.999,26.034,58.032,58.033,58.032\n\t\t\tc31.999,0,58.033-26.033,58.033-58.032C314.033,26.034,287.999,0,256,0z\"><\/path>\n\t<\/g>\n<\/g>\n<g>\n\t<g>\n\t\t<path d=\"M317.787,132.109H194.213c-28.449,0.001-51.594,23.145-51.594,51.594v73.614h226.762v-73.614\n\t\t\tC369.381,155.254,346.236,132.109,317.787,132.109z\"><\/path>\n\t<\/g>\n<\/g>\n<g>\n\t<g>\n\t\t<path d=\"M132.887,26.808c-28.666,0-51.987,23.322-51.987,51.987c0,28.435,22.951,51.598,51.3,51.969\n\t\t\tc11.74-13.732,27.939-23.533,46.343-27.128c4.034-7.385,6.331-15.849,6.331-24.841C184.874,50.129,161.553,26.808,132.887,26.808z\n\t\t\t\"><\/path>\n\t<\/g>\n<\/g>\n<g>\n\t<g>\n\t\t<path d=\"M77.537,145.154c-25.485,0-46.219,20.733-46.219,46.219v65.945h81.301v-73.615c0-13.935,3.518-27.062,9.703-38.549H77.537\n\t\t\tz\"><\/path>\n\t<\/g>\n<\/g>\n<g>\n\t<g>\n\t\t<path d=\"M379.113,26.808c-28.666,0-51.987,23.322-51.987,51.987c0,8.991,2.296,17.456,6.33,24.841\n\t\t\tc18.405,3.595,34.604,13.396,46.344,27.128c28.349-0.37,51.3-23.534,51.3-51.969C431.1,50.129,407.779,26.808,379.113,26.808z\"><\/path>\n\t<\/g>\n<\/g>\n<g>\n\t<g>\n\t\t<path d=\"M434.463,145.154h-44.785c6.185,11.487,9.703,24.614,9.703,38.549v73.614h81.301v-65.945\n\t\t\tC480.682,165.887,459.948,145.154,434.463,145.154z\"><\/path>\n\t<\/g>\n<\/g>\n<g>\n<\/g>\n<g>\n<\/g>\n<g>\n<\/g>\n<g>\n<\/g>\n<g>\n<\/g>\n<g>\n<\/g>\n<g>\n<\/g>\n<g>\n<\/g>\n<g>\n<\/g>\n<g>\n<\/g>\n<g>\n<\/g>\n<g>\n<\/g>\n<g>\n<\/g>\n<g>\n<\/g>\n<g>\n<\/g>\n<\/svg><\/span><span class=\"gb-text\"><strong>H\u00e0bits laborals<br><\/strong>puntualitat, const\u00e0ncia, treball en equip, autonomia..<\/span><\/p>\n\n\n\n<p class=\"text-mobile gb-text-eef39a4f\"><span class=\"gb-shape\"><svg id=\"fi_12404427\" enable-background=\"new 0 0 512 512\" viewBox=\"0 0 512 512\" xmlns=\"http:\/\/www.w3.org\/2000\/svg\"><g><path d=\"m484.119 343.741v-295.546h-395.932v111.695c30.976 11.39 53.132 41.189 53.132 76.068 0 20.254-7.489 38.781-19.82 53h95.968l86.5-42.555 13.243 26.919-81.283 39.988v22.65c0 13.978-4.256 26.98-11.537 37.781h287.61v-30zm-115.557-236.736v30h-164.819v-30zm-190.701 93.569v-30h216.583v30z\"><\/path><circle cx=\"60.305\" cy=\"235.957\" r=\"51.013\"><\/circle><path d=\"m205.926 335.96v-17.003h-145.621c-33.305 0-60.305 27-60.305 60.305v84.543h120.611s-.021-89.704-.028-90.077h47.574c20.859 0 37.769-16.909 37.769-37.768z\"><\/path><\/g><g><\/g><g><\/g><g><\/g><g><\/g><g><\/g><g><\/g><g><\/g><g><\/g><g><\/g><g><\/g><g><\/g><g><\/g><g><\/g><g><\/g><g><\/g><\/svg><\/span><span class=\"gb-text\"><strong>Orientaci\u00f3<br><\/strong>preparaci\u00f3 per a entrevistes, objectius realistes i passos de millora.<\/span><\/p>\n\n\n\n<p class=\"text-mobile gb-text-60bc46fe\"><span class=\"gb-shape\"><svg id=\"fi_4689108\" enable-background=\"new 0 0 512 512\" height=\"512\" viewBox=\"0 0 512 512\" width=\"512\" xmlns=\"http:\/\/www.w3.org\/2000\/svg\"><g><path d=\"m284.248 19.197-3.514-3.514c-15.277-15.275-39.44-12.871-52.943 3.467l28.24 28.261z\"><\/path><path d=\"m507.605 341.455-32.63-32.623c-22.292 22.299-70.43 70.446-108.267 108.263-18.009 18.013-38.853 32.386-62.018 42.798l42.264 42.255c5.859 5.857 15.356 5.856 21.214-.003l139.439-139.477c5.858-5.859 5.857-15.356-.002-21.213z\"><\/path><path d=\"m466.12 275.258c31.498-33.952-15.443-80.965-49.384-49.436l12.324-12.368c31.498-33.984-15.436-80.964-49.471-49.436l12.412-12.368c31.524-34.013-15.5-80.966-49.471-49.445 0 0 12.412-12.359 12.412-12.359 31.542-34.031-15.55-80.955-49.472-49.444 0 0-28.233 28.231-28.233 28.231s24.717 24.735 24.717 24.735c36.223 35.273 17.394 99.324-32.01 109.395-4.682 23.634-25.444 44.668-49.378 49.421-4.683 23.679-25.481 44.729-49.475 49.46-10.281 49.385-73.756 68.267-109.374 31.904 0 .001-24.7-24.716-24.7-24.716l-32.623 32.62c-5.859 5.858-5.858 15.357.001 21.215l139.518 139.48c5.859 5.857 15.357 5.856 21.214-.004l53.812-53.834c47.461 0 92.999-18.862 126.562-52.434 50.958-50.93 120.619-120.617 120.619-120.617z\"><\/path><path d=\"m82.938 312.343c34.002 31.531 80.984-15.46 49.471-49.444 34.004 31.529 80.984-15.46 49.471-49.445 33.976 31.542 80.869-15.521 49.384-49.436 33.958 31.517 81.002-15.427 49.47-49.445 0 0-74.119-74.171-74.119-74.171-13.722-13.644-35.836-13.644-49.47 0-13.636 13.644-13.636 35.801 0 49.445 0 0 12.323 12.359 12.323 12.359-33.927-31.552-81.035 15.591-49.383 49.445 0 0 12.323 12.367 12.323 12.367-33.987-31.543-80.987 15.455-49.47 49.436 0 0 11.653 11.647 11.653 11.647-34.324-30.115-79.856 16.669-48.714 50.157.001-.001 37.061 37.085 37.061 37.085z\"><\/path><\/g><\/svg><\/span><span class=\"gb-text\"><strong>Seguiment<\/strong><br>acompanyament per consolidar els aven\u00e7os i facilitar la inserci\u00f3.<\/span><\/p>\n<\/div>\n<\/div>\n<\/div>\n<\/section>\n","protected":false},"excerpt":{"rendered":"<p>Qu\u00e8 fem Taller T\u00e8xtil Solidari Un espai de formaci\u00f3, acompanyament i inserci\u00f3 sociolaboral que transforma el talent en oportunitats, alhora que genera ingressos per sostenir projectes socials del Centre Sant Mart\u00ed. Formaci\u00f3 aprenentatge pr\u00e0ctic i acompanyament Inserci\u00f3 orientaci\u00f3 a l\u2019ocupaci\u00f3 i millora de l\u2019autonomia Sostenibilidad producci\u00f3 solid\u00e0ria que dona suport a la missi\u00f3 Qu\u00e8 \u00e9s &#8230; <a title=\"Taller T\u00e8xtil Solidari\" class=\"read-more\" href=\"https:\/\/centresantmarti.org\/ca\/taller-textil-solidari\/\" aria-label=\"M\u00e9s informaci\u00f3 sobre Taller T\u00e8xtil Solidari\">Read more<\/a><\/p>\n","protected":false},"author":5,"featured_media":0,"parent":0,"menu_order":0,"comment_status":"closed","ping_status":"closed","template":"","meta":{"_acf_changed":false,"footnotes":""},"class_list":["post-3062","page","type-page","status-publish"],"acf":[],"_hostinger_reach_plugin_has_subscription_block":false,"_hostinger_reach_plugin_is_elementor":false,"_links":{"self":[{"href":"https:\/\/centresantmarti.org\/ca\/wp-json\/wp\/v2\/pages\/3062","targetHints":{"allow":["GET"]}}],"collection":[{"href":"https:\/\/centresantmarti.org\/ca\/wp-json\/wp\/v2\/pages"}],"about":[{"href":"https:\/\/centresantmarti.org\/ca\/wp-json\/wp\/v2\/types\/page"}],"author":[{"embeddable":true,"href":"https:\/\/centresantmarti.org\/ca\/wp-json\/wp\/v2\/users\/5"}],"replies":[{"embeddable":true,"href":"https:\/\/centresantmarti.org\/ca\/wp-json\/wp\/v2\/comments?post=3062"}],"version-history":[{"count":4,"href":"https:\/\/centresantmarti.org\/ca\/wp-json\/wp\/v2\/pages\/3062\/revisions"}],"predecessor-version":[{"id":3071,"href":"https:\/\/centresantmarti.org\/ca\/wp-json\/wp\/v2\/pages\/3062\/revisions\/3071"}],"wp:attachment":[{"href":"https:\/\/centresantmarti.org\/ca\/wp-json\/wp\/v2\/media?parent=3062"}],"curies":[{"name":"wp","href":"https:\/\/api.w.org\/{rel}","templated":true}]}}