{"id":3112,"date":"2026-01-08T14:31:57","date_gmt":"2026-01-08T14:31:57","guid":{"rendered":"https:\/\/centresantmarti.org\/plan-de-voluntariado\/"},"modified":"2026-02-26T17:50:54","modified_gmt":"2026-02-26T17:50:54","slug":"pla-de-voluntariat","status":"publish","type":"page","link":"https:\/\/centresantmarti.org\/ca\/pla-de-voluntariat\/","title":{"rendered":"Pla de Voluntariat"},"content":{"rendered":"\n<section class=\"gb-element-7cb2ca09\">\n<div class=\"gb-element-8ef53ce2\">\n<span class=\"gb-text gb-text-dac61dd3\">Treballem en xarxa<\/span>\n\n\n\n<h1 class=\"gb-text gb-text-4072e86c\">Pla de Voluntariat<\/h1>\n\n\n\n<p class=\"gb-text gb-text-b83dcfa7\">Ajuda a sostenir l\u2019activitat di\u00e0ria i a oferir un acompanyament proper. Aquest pla defineix<strong> com acollim, organitzem i acompanyem<\/strong> les persones volunt\u00e0ries, perqu\u00e8 la seva participaci\u00f3 sigui \u00fatil, segura i alineada amb la missi\u00f3 de l\u2019entitat.<\/p>\n<\/div>\n<\/section>\n\n\n\n<section class=\"gb-element-adf091c6\">\n<div class=\"gb-element-39b4bfaf\">\n<div class=\"gb-element-4048722b\">\n<a class=\"gb-element-329348a9\">\n<img loading=\"lazy\" decoding=\"async\" width=\"2016\" height=\"1512\" class=\"gb-media-3e868fa7\" alt=\"\" src=\"https:\/\/centresantmarti.org\/wp-content\/uploads\/2026\/01\/REPARTO-ALIMENTOS-3.jpg\" title=\"REPARTO-ALIMENTOS-3\" srcset=\"https:\/\/centresantmarti.org\/wp-content\/uploads\/2026\/01\/REPARTO-ALIMENTOS-3.jpg 2016w, https:\/\/centresantmarti.org\/wp-content\/uploads\/2026\/01\/REPARTO-ALIMENTOS-3-300x225.jpg 300w, https:\/\/centresantmarti.org\/wp-content\/uploads\/2026\/01\/REPARTO-ALIMENTOS-3-1024x768.jpg 1024w, https:\/\/centresantmarti.org\/wp-content\/uploads\/2026\/01\/REPARTO-ALIMENTOS-3-768x576.jpg 768w, https:\/\/centresantmarti.org\/wp-content\/uploads\/2026\/01\/REPARTO-ALIMENTOS-3-1536x1152.jpg 1536w\" sizes=\"auto, (max-width: 2016px) 100vw, 2016px\" \/>\n<\/a>\n\n\n\n<div class=\"gb-element-34c44a29\" href=\"#\">\n<h2 class=\"gb-text gb-text-492e3b77\">Qu\u00e8 significa fer voluntariat al Centre Sant Mart\u00ed<\/h2>\n\n\n\n<p class=\"gb-text\">Participar com a voluntari\/\u00e0ria al Centre Sant Mart\u00ed \u00e9s formar part d\u2019un projecte comunitari que acompanya persones i fam\u00edlies en situaci\u00f3 de vulnerabilitat. Busquem una col\u00b7laboraci\u00f3 basada en el respecte, la confidencialitat i el comprom\u00eds amb el tracte digne.<\/p>\n\n\n\n<div class=\"gb-element-10ceb9da\">\n<div class=\"gb-element-018e22f1\">\n<p class=\"gb-text gb-text-ea7171c0\">Respecte i tracte digne<\/p>\n<\/div>\n\n\n\n<div class=\"gb-element-9a7c3617\">\n<p class=\"gb-text gb-text-df0b7862\">Confidencialitat<\/p>\n<\/div>\n\n\n\n<div class=\"gb-element-befecf20\">\n<p class=\"gb-text gb-text-fe834143\">Comprom\u00eds<\/p>\n<\/div>\n\n\n\n<div class=\"gb-element-9201263e\">\n<p class=\"gb-text gb-text-0dde04ce\">Treball en equip<\/p>\n<\/div>\n\n\n\n<div class=\"gb-element-cc679943\">\n<p class=\"gb-text gb-text-46943910\">Coordinaci\u00f3 amb el territori<\/p>\n<\/div>\n<\/div>\n<\/div>\n<\/div>\n<\/div>\n<\/section>\n\n\n\n<section class=\"gb-element-e575160a\">\n<h2 class=\"gb-text gb-text-acfdd7b9\">\u00c0rees on pots col\u00b7laborar<\/h2>\n\n\n\n<p class=\"gb-text gb-text-8ac6ee70\">Les tasques concretes s\u2019adapten a la disponibilitat i al perfil de cada persona. Algunes \u00e0rees habituals:<\/p>\n\n\n\n<div class=\"gb-element-30d54c1e\">\n<div class=\"gb-element-50f1cd87\">\n<div class=\"gb-element-5d84a901\"><\/div>\n\n\n\n<span class=\"gb-shape gb-shape-f1f4eb2e\"><svg xmlns=\"http:\/\/www.w3.org\/2000\/svg\" width=\"512\" viewBox=\"0 0 53 53\" height=\"512\" id=\"fi_4375818\"><g id=\"_x32_9\"><path d=\"m48.0791245 22.817728h-43.1478658c-1.3460644 0-2.4312587 1.0852585-2.4312587 2.4313221 0 1.2834568 1.0016983 2.3373814 2.274775 2.4104328l3.0052223 16.4764996c.2712512 1.4922295 1.5652175 2.5669785 3.0782104 2.5669785h31.2939644c1.5129929 0 2.8069611-1.074749 3.0782127-2.5669785l3.0052223-16.4764996c1.2626305-.0730514 2.2643929-1.126976 2.2643929-2.4104328 0-1.3460636-1.0852585-2.4313221-2.4208755-2.4313221zm-35.4613848 19.7150135c-.4947357 0-.9339333-.352581-1.0256453-.8564873l-1.565218-8.5985069c-.1029205-.5670853.2725887-1.1102238.839674-1.2136536.5732002-.101902 1.110734.273098 1.2136555.8396721l1.565217 8.5985069c.1159773.6389886-.373599 1.2304688-1.0276832 1.2304688zm4.6217737 0c-.5202122 0-.9701099-.3882484-1.0343075-.9176292l-1.043479-8.5985069c-.069293-.5721779.3378057-1.0923901.9099874-1.161684.5721798-.0667458 1.0923901.3378048 1.161684.9099865l1.043478 8.5985069c.074835.6180343-.4053152 1.1693267-1.0373629 1.1693267zm4.6334915 0c-.5472145 0-1.006794-.4264603-1.0404224-.9803009l-.5217381-8.5985031c-.0351563-.5752373.4030228-1.069973.97826-1.10462.5721817-.0351563 1.069973.4030247 1.10462.9782619l.52174 8.5985031c.0365562.5982324-.4381161 1.106659-1.0424595 1.106659zm5.6774788-1.0434799c0 .5762596-.4672203 1.0434799-1.043478 1.0434799-.5762558 0-1.043478-.4672203-1.043478-1.0434799v-8.5985031c0-.5762596.4672222-1.0434799 1.043478-1.0434799.5762577 0 1.043478.4672203 1.043478 1.0434799zm4.6207542.063179c-.0336266.5538406-.493206.9803009-1.0404205.9803009-.6041527 0-1.0790176-.5083008-1.0424595-1.1066589l.5217381-8.5985031c.0351563-.5752373.5375347-1.0139275 1.10462-.9782619.5752392.034647 1.0134182.5293827.9782619 1.10462zm4.6273766.0626717c-.0641975.5293808-.5146065.9176292-1.0343056.9176292-.6326218 0-1.1121368-.5517387-1.037365-1.1693268l1.0434799-8.5985069c.069294-.5721817.5910301-.9772415 1.1616821-.9099865.5721817.069294.9792824.5895061.9099884 1.161684zm4.6136208.061142c-.0917091.5039063-.5309105.8564873-1.0256424.8564873-.6546593 0-1.1435356-.5920525-1.0276833-1.2304688l1.5652161-8.5985069c.1034317-.5665741.6435127-.9410648 1.2136536-.8396721.5670853.1034298.9425964.6465683.8396759 1.2136536z\"><\/path><path d=\"m33.1365051 17.6316719c.1252136-1.5861073-1.0539207-2.9947777-2.6400299-3.1199903l-6.9704266-.5947905c-1.596489-.146102-2.9947777 1.0330334-3.130434 2.6191406l-.3547478 4.1947403h12.8243256z\"><\/path><path d=\"m30.8303967 12.4455509.2713146-3.2243118c.0626068-.7408924-.4904041-1.3878441-1.2312965-1.4504499l-4.2782364-.3651919c-.7408924-.0626063-1.3982887.479959-1.4608936 1.2208514l-.2713146 3.2139311 6.8139439.5843449c.0521601-.0000001.1043204.0104455.1564826.0208262z\"><\/path><path d=\"m42.6947403 17.89254.5112915-3.8295469h-.0103798l-4.7895927-.6261244-.5008507 3.8295479c-.1878166 1.419178-1.1165276 2.6504745-2.4208755 3.2452641-.1461029.0626068-.2817612.1356583-.4174156.2190914h8.2852173c-.5530091-.8243256-.7930528-1.826088-.6573945-2.8382321z\"><\/path><path d=\"m7.1643171 14.2508116c.5530744.3547478 1.1374197.6156168 1.7113199.81388-1.4400053.782609-2.2852201 2.2852211-1.7843709 5.6660805h10.5495491c-.0626049-.3339214-.1252117-.6573963-.1878185-.9704285-.8660412-4.173913-2.3373804-5.4364805-4.1321325-5.6139174.4695139-.4173536.9182653-.8764868 1.2939024-1.450387 1.3252382-2.0347948 1.3669538-4.4870071 1.3147926-5.4991503-.0104446-.2399797-.260869-.3965268-.4800224-.3130307-.7617188.2921405-2.3373814.9912534-3.6312838 2.306046-.6991768-1.1999617-1.565218-2.0869565-2.0452404-2.5147548-.1773734-.1669921-.4591326-.1043858-.5634551.1147676-.2713146.5843453-.7200021 1.7425909-.8765497 3.130435-1.7008748-.6991129-3.4434657-.7095576-4.2574091-.6782866-.2399797.0208903-.3964631.2608691-.3130307.4800225.3548107.9496011 1.3669538 3.1825962 3.4017491 4.5287237z\"><\/path><path d=\"m38.6800499 11.3646879 4.790802.6312838c.5617371.0740061 1.0771713-.3213739 1.1511765-.88311l.3924484-3.024456c.0740738-.5617361-.321373-1.0771699-.8831062-1.1511765l-4.7908058-.6312838c-.5617332-.0740066-1.0771675.3213739-1.1511765.8831735l-.3924484 3.0243926c-.07407.5617361.3213729 1.0771694.88311 1.1511764z\"><\/path><\/g><\/svg><\/span>\n\n\n\n<h3 class=\"gb-text gb-text-b4284746\">Banc de Recursos<\/h3>\n\n\n\n<span class=\"gb-text gb-text-32186cb1\">Suport en la preparaci\u00f3 i distribuci\u00f3, log\u00edstica, ordre i atenci\u00f3.<\/span>\n<\/div>\n\n\n\n<div class=\"gb-element-25bbe181\">\n<div class=\"gb-element-56562d95\"><\/div>\n\n\n\n<span class=\"gb-shape gb-shape-ac3d8afd\"><svg xmlns=\"http:\/\/www.w3.org\/2000\/svg\" width=\"512\" viewBox=\"0 0 64 64\" height=\"512\" id=\"fi_10344972\"><path d=\"m16 6c-4.4064 0-8 3.5936-8 8v13c0 2.7496 2.2504 5 5 5h2v3a1 1 0 0 0 1 1 1 1 0 0 0 1-1v-3h2c2.7496 0 5-2.2504 5-5 0-.56412.43588-1 1-1h13c.56412 0 1 .43588 1 1v12c0 .56412-.43588 1-1 1h-9v10h28v-40c0-2.1973-1.8027-4-4-4zm31 5c3.3019 0 6 2.6981 6 6s-2.6981 6-6 6-6-2.6981-6-6 2.6981-6 6-6zm0 2c-2.221 0-4 1.779-4 4s1.779 4 4 4 4-1.779 4-4-1.779-4-4-4zm12 0v13c1.6447 0 3-1.3553 3-3v-7c0-1.6447-1.3553-3-3-3zm-46 25c-.57129 0-1 .42871-1 1v12c0 .57129.42871 1 1 1h13c.57129 0 1-.42871 1-1v-12c0-.57129-.42871-1-1-1zm-4 2c-2.1973 0-4 1.8027-4 4v6h5v-10zm-4 12c-1.6569 0-3 1.3432-3 3s1.3431 3 3 3h54c1.6568 0 3-1.3432 3-3s-1.3432-3-3-3h-30.188c-.41743 1.1573-1.5196 2-2.8125 2h-13c-1.2929 0-2.3951-.84274-2.8125-2h-5.1875z\"><\/path><\/svg><\/span>\n\n\n\n<h3 class=\"gb-text gb-text-43583402\">Taller T\u00e8xtil Solidari<\/h3>\n\n\n\n<span class=\"gb-text gb-text-d15be464\">Suport en processos senzills de producci\u00f3, preparaci\u00f3 i organitzaci\u00f3.<\/span>\n<\/div>\n\n\n\n<div class=\"gb-element-76582a64\">\n<div class=\"gb-element-963330e1\"><\/div>\n\n\n\n<span class=\"gb-shape gb-shape-c6be00f2\"><svg xmlns=\"http:\/\/www.w3.org\/2000\/svg\" width=\"512\" viewBox=\"0 0 512 512\" height=\"512\" id=\"fi_4994936\"><g><path d=\"m271 346c8.283 0 15-6.716 15-15v-60c0-8.283-6.714-15-15-15h-30c-8.283 0-15 6.714-15 15v60c0 8.283 6.716 15 15 15z\"><\/path><path d=\"m467 91h-106c0-3.021 0-18.021 0-15 0-24.814-20.185-45-45-45-3.256 0-124.455 0-120 0-24.814 0-45 20.185-45 45 0 3.021 0 18.021 0 15h-106c-24.814 0-45 20.185-45 45 0 29.377 3.6 55.104 10.748 77.029s17.845 40.049 32.04 54.221c23.887 23.855 54.313 33.75 88.477 33.75h64.735c0-3.021 0-33.021 0-30 0-24.814 20.185-45 45-45 3.021 0 33.021 0 30 0 24.814 0 45 20.185 45 45 0 3.021 0 33.021 0 30h33.329c29.86-1.241 78.703 7.839 119.868-33.135 14.202-14.136 24.902-32.292 32.053-54.32s10.75-47.926 10.75-77.545c0-24.814-20.185-45-45-45zm-286-15c0-8.276 6.723-15 15-15h120c8.276 0 15 6.723 15 15 0 3.021 0 18.021 0 15h-150c0-3.021 0-18.021 0-15z\"><\/path><path d=\"m349.739 331h-33.739c0 24.814-20.185 45-45 45-3.021 0-33.021 0-30 0-24.814 0-45-20.185-45-45-3.427 0-68.308 0-64.604 0-42.784 0-80.363-13.128-109.805-42.524-8.317-8.303-15.419-17.652-21.591-27.651v205.175c0 8.291 6.709 15 15 15h482c8.291 0 15-6.709 15-15v-204.558c-6.255 10.151-13.386 19.478-21.636 27.693-47.331 47.083-97.737 39.839-140.625 41.865z\"><\/path><\/g><\/svg><\/span>\n\n\n\n<h3 class=\"gb-text gb-text-6201efa0\"><strong>Acompanyaments<\/strong><\/h3>\n\n\n\n<span class=\"gb-text gb-text-d97ffefc\">Suport puntual en gestions, derivacions o acompanyaments (segons el perfil)<\/span>\n<\/div>\n\n\n\n<div class=\"gb-element-686efd3a\">\n<div class=\"gb-element-0e083442\"><\/div>\n\n\n\n<span class=\"gb-shape gb-shape-2ec73866\"><svg xmlns=\"http:\/\/www.w3.org\/2000\/svg\" width=\"512\" viewBox=\"0 0 512 512\" height=\"512\" id=\"fi_3136102\"><g><circle r=\"55\" cy=\"55\" cx=\"256\"><\/circle><path d=\"m157.093 414.961c-15.525 16.62-37.609 27.039-62.093 27.039s-46.568-10.419-62.093-27.039c-19.846 13.507-32.907 36.275-32.907 62.039v20c0 8.284 6.716 15 15 15h160c8.284 0 15-6.716 15-15v-20c0-25.764-13.061-48.532-32.907-62.039z\"><\/path><path d=\"m479.093 414.961c-15.525 16.62-37.609 27.039-62.093 27.039s-46.568-10.419-62.093-27.039c-19.846 13.507-32.907 36.275-32.907 62.039v20c0 8.284 6.716 15 15 15h160c8.284 0 15-6.716 15-15v-20c0-25.764-13.061-48.532-32.907-62.039z\"><\/path><path d=\"m362.722 365.85c4.246 26.133 26.964 46.15 54.278 46.15 30.327 0 55-24.673 55-55s-24.673-55-55-55c-22.726 0-42.277 13.856-50.649 33.564l-65.395-20.309c-.721-18.796-13.02-34.668-29.956-40.675v-64.58h65c8.284 0 15-6.716 15-15v-20c0-25.764-13.061-48.532-32.907-62.039-15.525 16.62-37.609 27.039-62.093 27.039s-46.568-10.419-62.093-27.039c-19.846 13.507-32.907 36.275-32.907 62.039v20c0 8.284 6.716 15 15 15h65v64.58c-16.936 6.007-29.234 21.878-29.956 40.675l-65.395 20.309c-8.372-19.708-27.923-33.564-50.649-33.564-30.327 0-55 24.673-55 55s24.673 55 55 55c27.314 0 50.032-20.017 54.278-46.15l70.67-21.947c8.213 10.978 21.317 18.097 36.052 18.097s27.839-7.119 36.052-18.098z\"><\/path><\/g><\/svg><\/span>\n\n\n\n<h3 class=\"gb-text gb-text-f2c8d0f6\"><strong>Refor\u00e7 comunitari<\/strong><\/h3>\n\n\n\n<span class=\"gb-text gb-text-7f5e6689\">Suport en accions del territori, campanyes i col\u00b7laboracions.<\/span>\n<\/div>\n<\/div>\n<\/section>\n\n\n\n<section class=\"gb-element-98de2627\">\n<h2 class=\"gb-text gb-text-bf0db454\">Com \u00e9s el proc\u00e9s<\/h2>\n\n\n\n<div class=\"gb-element-3ff10d82\">\n<div class=\"gb-element-bb781f02\">\n<div class=\"gb-element-1a22c5f2\">\n<p class=\"gb-text gb-text-051b84c5\">1<\/p>\n<\/div>\n\n\n\n<h3 class=\"gb-text gb-text-49b0ab85\"><strong>Primer contacte<\/strong><\/h3>\n\n\n\n<span class=\"gb-text gb-text-dad9ff3c\">Recollim les teves dades, disponibilitat i interessos per ubicar-te a l\u2019\u00e0rea m\u00e9s adequada.<\/span>\n<\/div>\n\n\n\n<div class=\"gb-element-2f19078e\">\n<div class=\"gb-element-1d5a3c2c\">\n<p class=\"gb-text gb-text-8e851e8f\">2<\/p>\n<\/div>\n\n\n\n<h3 class=\"gb-text gb-text-eeca3bd6\"><strong>Acollida<\/strong><\/h3>\n\n\n\n<span class=\"gb-text gb-text-6397ff80\">Expliquem com funciona l&#8217;entitat, les normes b\u00e0siques i els criteris d&#8217;atenci\u00f3 i confidencialitat.<\/span>\n<\/div>\n\n\n\n<div class=\"gb-element-7d43a445\">\n<div class=\"gb-element-3cf67c80\">\n<p class=\"gb-text gb-text-4fdcd500\">3<\/p>\n<\/div>\n\n\n\n<h3 class=\"gb-text gb-text-71a1ba98\"><strong>Assignaci\u00f3 i formaci\u00f3 inicial<\/strong><\/h3>\n\n\n\n<span class=\"gb-text gb-text-7bf03833\">T&#8217;incorpores amb acompanyament i pautes clares per fer les tasques amb seguretat.<\/span>\n<\/div>\n\n\n\n<div class=\"gb-element-54a61ae5\">\n<div class=\"gb-element-3fb007c1\">\n<p class=\"gb-text gb-text-bd967c11\">4<\/p>\n<\/div>\n\n\n\n<h3 class=\"gb-text gb-text-12ccd77a\"><strong>Seguiment<\/strong><\/h3>\n\n\n\n<span class=\"gb-text gb-text-7cbb1d2b\">Revisem com va l&#8217;experi\u00e8ncia i ajustem tasques o torns si cal.<\/span>\n<\/div>\n<\/div>\n\n\n\n<div class=\"gb-element-82880e00\">\n<div class=\"gb-element-04fda157\">\n<h3 class=\"gb-text gb-text-ed0c5f43\"><strong>Perfil cercat<\/strong><\/h3>\n\n\n\n<span class=\"gb-text gb-text-82d00621\">Busquem persones amb ganes de sumar, escoltar i treballar en equip.<\/span>\n\n\n\n<ul class=\"wp-block-list\">\n<li>Actitud respectuosa i responsable.<\/li>\n\n\n\n<li>Comprom\u00eds amb torns i feines.<\/li>\n\n\n\n<li>Capacitat de treballar en coordinaci\u00f3.<\/li>\n<\/ul>\n<\/div>\n\n\n\n<div class=\"gb-element-a0940fc4\">\n<h3 class=\"gb-text gb-text-34ef17a8\"><strong>Compromisos i bones pr\u00e0ctiques<\/strong><\/h3>\n\n\n\n<ul class=\"wp-block-list\">\n<li><strong>Tracte respectu\u00f3s<\/strong> i sense judicis cap a usuaris i fam\u00edlies.<\/li>\n\n\n\n<li><strong>Confidencialitat <\/strong>sobre informaci\u00f3 personal i situacions.<\/li>\n\n\n\n<li><strong>Puntualitat i responsabilitat<\/strong> amb els torns acordats.<\/li>\n\n\n\n<li><strong>Coordinaci\u00f3 <\/strong>amb la persona responsable de l\u00e0rea abans de prendre decisions.<\/li>\n\n\n\n<li><strong>Seguretat:<\/strong> seguir protocols i pautes de lequip.<\/li>\n<\/ul>\n<\/div>\n\n\n\n<div class=\"gb-element-c1623d8e\">\n<h3 class=\"gb-text gb-text-8de1b6f3\"><strong>Qu\u00e8 ofereix l&#8217;entitat al voluntariat<\/strong><\/h3>\n\n\n\n<ul class=\"wp-block-list\">\n<li>Acolliment i orientaci\u00f3 per comen\u00e7ar amb claredat.<\/li>\n\n\n\n<li>Acompanyament de lequip i coordinaci\u00f3 de tasques.<\/li>\n\n\n\n<li>Un entorn hum\u00e0, daprenentatge i treball comunitari.<\/li>\n\n\n\n<li>Participaci\u00f3 en un projecte amb impacte directe al barri.<\/li>\n<\/ul>\n<\/div>\n<\/div>\n<\/section>\n","protected":false},"excerpt":{"rendered":"<p>Treballem en xarxa Pla de Voluntariat Ajuda a sostenir l\u2019activitat di\u00e0ria i a oferir un acompanyament proper. Aquest pla defineix com acollim, organitzem i acompanyem les persones volunt\u00e0ries, perqu\u00e8 la seva participaci\u00f3 sigui \u00fatil, segura i alineada amb la missi\u00f3 de l\u2019entitat. Qu\u00e8 significa fer voluntariat al Centre Sant Mart\u00ed Participar com a voluntari\/\u00e0ria al &#8230; <a title=\"Pla de Voluntariat\" class=\"read-more\" href=\"https:\/\/centresantmarti.org\/ca\/pla-de-voluntariat\/\" aria-label=\"M\u00e9s informaci\u00f3 sobre Pla de Voluntariat\">Read more<\/a><\/p>\n","protected":false},"author":5,"featured_media":0,"parent":0,"menu_order":0,"comment_status":"closed","ping_status":"closed","template":"","meta":{"_acf_changed":false,"footnotes":""},"class_list":["post-3112","page","type-page","status-publish"],"acf":[],"_hostinger_reach_plugin_has_subscription_block":false,"_hostinger_reach_plugin_is_elementor":false,"_links":{"self":[{"href":"https:\/\/centresantmarti.org\/ca\/wp-json\/wp\/v2\/pages\/3112","targetHints":{"allow":["GET"]}}],"collection":[{"href":"https:\/\/centresantmarti.org\/ca\/wp-json\/wp\/v2\/pages"}],"about":[{"href":"https:\/\/centresantmarti.org\/ca\/wp-json\/wp\/v2\/types\/page"}],"author":[{"embeddable":true,"href":"https:\/\/centresantmarti.org\/ca\/wp-json\/wp\/v2\/users\/5"}],"replies":[{"embeddable":true,"href":"https:\/\/centresantmarti.org\/ca\/wp-json\/wp\/v2\/comments?post=3112"}],"version-history":[{"count":4,"href":"https:\/\/centresantmarti.org\/ca\/wp-json\/wp\/v2\/pages\/3112\/revisions"}],"predecessor-version":[{"id":3119,"href":"https:\/\/centresantmarti.org\/ca\/wp-json\/wp\/v2\/pages\/3112\/revisions\/3119"}],"wp:attachment":[{"href":"https:\/\/centresantmarti.org\/ca\/wp-json\/wp\/v2\/media?parent=3112"}],"curies":[{"name":"wp","href":"https:\/\/api.w.org\/{rel}","templated":true}]}}