{"id":3120,"date":"2026-01-08T14:33:21","date_gmt":"2026-01-08T14:33:21","guid":{"rendered":"https:\/\/centresantmarti.org\/curso-textil\/"},"modified":"2026-02-26T17:50:54","modified_gmt":"2026-02-26T17:50:54","slug":"curs-textil","status":"publish","type":"page","link":"https:\/\/centresantmarti.org\/ca\/curs-textil\/","title":{"rendered":"Curs T\u00e8xtil"},"content":{"rendered":"\n<section class=\"gb-element-7cb2ca09\">\n<div class=\"gb-element-8ef53ce2\">\n<span class=\"gb-text gb-text-dac61dd3\">Activitats<\/span>\n\n\n\n<h1 class=\"gb-text gb-text-4072e86c\">Curs T\u00e8xtil<\/h1>\n\n\n\n<p class=\"gb-text gb-text-b83dcfa7\">Formaci\u00f3 pr\u00e0ctica en costura i confecci\u00f3 orientada a millorar l&#8217;ocupabilitat i obrir oportunitats d&#8217;inserci\u00f3 sociolaboral reals. Un curs pensat per aprendre fent, amb acompanyament i objectius concrets.<\/p>\n<\/div>\n<\/section>\n\n\n\n<section class=\"gb-element-49b327e4\" id=\"de-reis\">\n<div class=\"gb-element-516ec2dd\">\n<div class=\"gb-element-bd2636d7\">\n<div class=\"gb-element-4277bf99\">\n<h3 class=\"gb-text gb-text-67f8106d\"><strong>Objectiu<\/strong><\/h3>\n\n\n\n<span class=\"gb-text gb-text-2680bdb7\">Millorar l&#8217;ocupabilitat<\/span>\n<\/div>\n\n\n\n<div class=\"gb-element-f4c7f842\">\n<h3 class=\"gb-text gb-text-020f1aaa\"><strong>Format<\/strong><\/h3>\n\n\n\n<span class=\"gb-text gb-text-1cf336cc\">Pr\u00e0ctic i orientat a ofici<\/span>\n<\/div>\n\n\n\n<div class=\"gb-element-651837a3\">\n<h3 class=\"gb-text gb-text-c16aa907\"><strong>Acompanyament<\/strong><\/h3>\n\n\n\n<span class=\"gb-text gb-text-443999ce\">Seguiment i suport<\/span>\n<\/div>\n<\/div>\n<\/div>\n<\/section>\n\n\n\n<section class=\"gb-element-adf091c6\">\n<div class=\"gb-element-39b4bfaf\">\n<div class=\"gb-element-4048722b\">\n<a class=\"gb-element-329348a9\">\n<img loading=\"lazy\" decoding=\"async\" width=\"1080\" height=\"810\" class=\"gb-media-3e868fa7\" alt=\"Persones cosint al Taller T\u00e8xtil Solidari del Centre Sant Mart\u00ed, treballant amb m\u00e0quines industrials en un espai formatiu.\" src=\"https:\/\/centresantmarti.org\/wp-content\/uploads\/2026\/02\/TT1.jpg\" title=\"TT1\" srcset=\"https:\/\/centresantmarti.org\/wp-content\/uploads\/2026\/02\/TT1.jpg 1080w, https:\/\/centresantmarti.org\/wp-content\/uploads\/2026\/02\/TT1-300x225.jpg 300w, https:\/\/centresantmarti.org\/wp-content\/uploads\/2026\/02\/TT1-1024x768.jpg 1024w, https:\/\/centresantmarti.org\/wp-content\/uploads\/2026\/02\/TT1-768x576.jpg 768w\" sizes=\"auto, (max-width: 1080px) 100vw, 1080px\" \/>\n<\/a>\n\n\n\n<div class=\"gb-element-34c44a29\" href=\"#\">\n<h2 class=\"gb-text gb-text-492e3b77\">En qu\u00e8 consisteix?<\/h2>\n\n\n\n<p>El Curs T\u00e8xtil \u00e9s una formaci\u00f3 dissenyada perqu\u00e8 les persones participants adquireixin compet\u00e8ncies b\u00e0siques i progressives en l\u2019\u00e0mbit de la costura i la confecci\u00f3. Es treballa amb un enfocament pr\u00e0ctic, cuidant la qualitat, el ritme d\u2019aprenentatge i la confian\u00e7a personal.<\/p>\n\n\n\n<p>L&#8217;objectiu final \u00e9s facilitar un pas real cap a la inserci\u00f3 sociolaboral, ja sigui mitjan\u00e7ant experi\u00e8ncies vinculades al Taller T\u00e8xtil Solidari o mitjan\u00e7ant l&#8217;acc\u00e9s a oportunitats al sector.<\/p>\n<\/div>\n<\/div>\n<\/div>\n\n\n\n<div class=\"gb-element-3b02d95c\">\n<div class=\"gb-element-1b35a1c6\">\n<a class=\"gb-element-c187b9dd\">\n<img loading=\"lazy\" decoding=\"async\" width=\"1200\" height=\"1600\" class=\"gb-media-6f35a225\" alt=\"Persona treballant al Taller T\u00e8xtil Solidari del Centre Sant Mart\u00ed, preparant peces de roba en un entorn formatiu amb maquin\u00e0ria industrial.\" src=\"https:\/\/centresantmarti.org\/wp-content\/uploads\/2026\/02\/TT2.jpg\" title=\"TT2\" srcset=\"https:\/\/centresantmarti.org\/wp-content\/uploads\/2026\/02\/TT2.jpg 1200w, https:\/\/centresantmarti.org\/wp-content\/uploads\/2026\/02\/TT2-225x300.jpg 225w, https:\/\/centresantmarti.org\/wp-content\/uploads\/2026\/02\/TT2-768x1024.jpg 768w, https:\/\/centresantmarti.org\/wp-content\/uploads\/2026\/02\/TT2-1152x1536.jpg 1152w\" sizes=\"auto, (max-width: 1200px) 100vw, 1200px\" \/>\n<\/a>\n\n\n\n<div class=\"gb-element-42a661c1\" href=\"#\">\n<h3 class=\"gb-text gb-text-f492c908\">Per a qui \u00e9s<\/h3>\n\n\n\n<p class=\"gb-text\">Dirigit a persones que necessiten refor\u00e7ar-ne l&#8217;autonomia i l&#8217;ocupabilitat, especialment en contextos de vulnerabilitat socioecon\u00f2mica. La formaci\u00f3 s\u00b4adapta perqu\u00e8 l\u00b4aprenentatge sigui accessible i \u00fatil des del primer dia.<br>Persones amb poca o nul\u00b7la experi\u00e8ncia pr\u00e8via.<br>Persones que cerquen una sortida formativa orientada a ofici.<br>Persones que necessiten un entorn daprenentatge acompanyat.<\/p>\n\n\n\n<h4 class=\"gb-text\">Enfocament<\/h4>\n\n\n\n<p class=\"gb-text\">Aprendre un ofici, guanyar confian\u00e7a i avan\u00e7ar cap a oportunitats d&#8217;inserci\u00f3 reals.<\/p>\n<\/div>\n<\/div>\n<\/div>\n<\/section>\n\n\n\n<section class=\"gb-element-6f1aef6d\" style=\"--inline-bg-image: url(https:\/\/centresantmarti.org\/wp-content\/uploads\/2026\/02\/TT4.jpg)\" id=\"onze-impact\">\n<div class=\"gb-element-9b3a3b57\">\n<div class=\"gb-element-288412f6\">\n<div>\n<h3 class=\"gb-text gb-text-d6b15561\">Qu\u00e8 se n&#8217;apr\u00e8n<\/h3>\n\n\n\n<p class=\"text-mobile gb-text-f2fe5703\"><span class=\"gb-shape\"><svg version=\"1.1\" id=\"fi_95454\" xmlns=\"http:\/\/www.w3.org\/2000\/svg\" xmlns:xlink=\"http:\/\/www.w3.org\/1999\/xlink\" x=\"0px\" y=\"0px\" viewBox=\"0 0 229.5 229.5\" style=\"enable-background:new 0 0 229.5 229.5;\" xml:space=\"preserve\">\n<path d=\"M214.419,32.12c-0.412-2.959-2.541-5.393-5.419-6.193L116.76,0.275c-1.315-0.366-2.704-0.366-4.02,0L20.5,25.927\n\tc-2.878,0.8-5.007,3.233-5.419,6.193c-0.535,3.847-12.74,94.743,18.565,139.961c31.268,45.164,77.395,56.738,79.343,57.209\n\tc0.579,0.14,1.169,0.209,1.761,0.209s1.182-0.07,1.761-0.209c1.949-0.471,48.076-12.045,79.343-57.209\n\tC227.159,126.864,214.954,35.968,214.419,32.12z M174.233,85.186l-62.917,62.917c-1.464,1.464-3.384,2.197-5.303,2.197\n\ts-3.839-0.732-5.303-2.197l-38.901-38.901c-1.407-1.406-2.197-3.314-2.197-5.303s0.791-3.897,2.197-5.303l7.724-7.724\n\tc2.929-2.928,7.678-2.929,10.606,0l25.874,25.874l49.89-49.891c1.406-1.407,3.314-2.197,5.303-2.197s3.897,0.79,5.303,2.197\n\tl7.724,7.724C177.162,77.508,177.162,82.257,174.233,85.186z\"><\/path>\n<g>\n<\/g>\n<g>\n<\/g>\n<g>\n<\/g>\n<g>\n<\/g>\n<g>\n<\/g>\n<g>\n<\/g>\n<g>\n<\/g>\n<g>\n<\/g>\n<g>\n<\/g>\n<g>\n<\/g>\n<g>\n<\/g>\n<g>\n<\/g>\n<g>\n<\/g>\n<g>\n<\/g>\n<g>\n<\/g>\n<\/svg><\/span><span class=\"gb-text\"><strong>Maneig d\u2019eines<br><\/strong>\u00das b\u00e0sic de m\u00e0quina de cosir, materials i eines de taller.<\/span><\/p>\n\n\n\n<p class=\"text-mobile gb-text-d174818b\"><span class=\"gb-shape\"><svg version=\"1.1\" id=\"fi_95454\" xmlns=\"http:\/\/www.w3.org\/2000\/svg\" xmlns:xlink=\"http:\/\/www.w3.org\/1999\/xlink\" x=\"0px\" y=\"0px\" viewBox=\"0 0 229.5 229.5\" style=\"enable-background:new 0 0 229.5 229.5;\" xml:space=\"preserve\">\n<path d=\"M214.419,32.12c-0.412-2.959-2.541-5.393-5.419-6.193L116.76,0.275c-1.315-0.366-2.704-0.366-4.02,0L20.5,25.927\n\tc-2.878,0.8-5.007,3.233-5.419,6.193c-0.535,3.847-12.74,94.743,18.565,139.961c31.268,45.164,77.395,56.738,79.343,57.209\n\tc0.579,0.14,1.169,0.209,1.761,0.209s1.182-0.07,1.761-0.209c1.949-0.471,48.076-12.045,79.343-57.209\n\tC227.159,126.864,214.954,35.968,214.419,32.12z M174.233,85.186l-62.917,62.917c-1.464,1.464-3.384,2.197-5.303,2.197\n\ts-3.839-0.732-5.303-2.197l-38.901-38.901c-1.407-1.406-2.197-3.314-2.197-5.303s0.791-3.897,2.197-5.303l7.724-7.724\n\tc2.929-2.928,7.678-2.929,10.606,0l25.874,25.874l49.89-49.891c1.406-1.407,3.314-2.197,5.303-2.197s3.897,0.79,5.303,2.197\n\tl7.724,7.724C177.162,77.508,177.162,82.257,174.233,85.186z\"><\/path>\n<g>\n<\/g>\n<g>\n<\/g>\n<g>\n<\/g>\n<g>\n<\/g>\n<g>\n<\/g>\n<g>\n<\/g>\n<g>\n<\/g>\n<g>\n<\/g>\n<g>\n<\/g>\n<g>\n<\/g>\n<g>\n<\/g>\n<g>\n<\/g>\n<g>\n<\/g>\n<g>\n<\/g>\n<g>\n<\/g>\n<\/svg><\/span><span class=\"gb-text\"><strong>T\u00e8cniques de costura<br><\/strong>Puntades, acabats i processos de confecci\u00f3 senzills.<\/span><\/p>\n\n\n\n<p class=\"text-mobile gb-text-dc94c840\"><span class=\"gb-shape\"><svg version=\"1.1\" id=\"fi_95454\" xmlns=\"http:\/\/www.w3.org\/2000\/svg\" xmlns:xlink=\"http:\/\/www.w3.org\/1999\/xlink\" x=\"0px\" y=\"0px\" viewBox=\"0 0 229.5 229.5\" style=\"enable-background:new 0 0 229.5 229.5;\" xml:space=\"preserve\">\n<path d=\"M214.419,32.12c-0.412-2.959-2.541-5.393-5.419-6.193L116.76,0.275c-1.315-0.366-2.704-0.366-4.02,0L20.5,25.927\n\tc-2.878,0.8-5.007,3.233-5.419,6.193c-0.535,3.847-12.74,94.743,18.565,139.961c31.268,45.164,77.395,56.738,79.343,57.209\n\tc0.579,0.14,1.169,0.209,1.761,0.209s1.182-0.07,1.761-0.209c1.949-0.471,48.076-12.045,79.343-57.209\n\tC227.159,126.864,214.954,35.968,214.419,32.12z M174.233,85.186l-62.917,62.917c-1.464,1.464-3.384,2.197-5.303,2.197\n\ts-3.839-0.732-5.303-2.197l-38.901-38.901c-1.407-1.406-2.197-3.314-2.197-5.303s0.791-3.897,2.197-5.303l7.724-7.724\n\tc2.929-2.928,7.678-2.929,10.606,0l25.874,25.874l49.89-49.891c1.406-1.407,3.314-2.197,5.303-2.197s3.897,0.79,5.303,2.197\n\tl7.724,7.724C177.162,77.508,177.162,82.257,174.233,85.186z\"><\/path>\n<g>\n<\/g>\n<g>\n<\/g>\n<g>\n<\/g>\n<g>\n<\/g>\n<g>\n<\/g>\n<g>\n<\/g>\n<g>\n<\/g>\n<g>\n<\/g>\n<g>\n<\/g>\n<g>\n<\/g>\n<g>\n<\/g>\n<g>\n<\/g>\n<g>\n<\/g>\n<g>\n<\/g>\n<g>\n<\/g>\n<\/svg><\/span><span class=\"gb-text\"><strong>Confecci\u00f3 de peces<br><\/strong>Elaboraci\u00f3 de productes t\u00e8xtils amb criteris de qualitat i ordre de treball.<\/span><\/p>\n\n\n\n<p class=\"text-mobile gb-text-a1b3834a\"><span class=\"gb-shape\"><svg version=\"1.1\" id=\"fi_95454\" xmlns=\"http:\/\/www.w3.org\/2000\/svg\" xmlns:xlink=\"http:\/\/www.w3.org\/1999\/xlink\" x=\"0px\" y=\"0px\" viewBox=\"0 0 229.5 229.5\" style=\"enable-background:new 0 0 229.5 229.5;\" xml:space=\"preserve\">\n<path d=\"M214.419,32.12c-0.412-2.959-2.541-5.393-5.419-6.193L116.76,0.275c-1.315-0.366-2.704-0.366-4.02,0L20.5,25.927\n\tc-2.878,0.8-5.007,3.233-5.419,6.193c-0.535,3.847-12.74,94.743,18.565,139.961c31.268,45.164,77.395,56.738,79.343,57.209\n\tc0.579,0.14,1.169,0.209,1.761,0.209s1.182-0.07,1.761-0.209c1.949-0.471,48.076-12.045,79.343-57.209\n\tC227.159,126.864,214.954,35.968,214.419,32.12z M174.233,85.186l-62.917,62.917c-1.464,1.464-3.384,2.197-5.303,2.197\n\ts-3.839-0.732-5.303-2.197l-38.901-38.901c-1.407-1.406-2.197-3.314-2.197-5.303s0.791-3.897,2.197-5.303l7.724-7.724\n\tc2.929-2.928,7.678-2.929,10.606,0l25.874,25.874l49.89-49.891c1.406-1.407,3.314-2.197,5.303-2.197s3.897,0.79,5.303,2.197\n\tl7.724,7.724C177.162,77.508,177.162,82.257,174.233,85.186z\"><\/path>\n<g>\n<\/g>\n<g>\n<\/g>\n<g>\n<\/g>\n<g>\n<\/g>\n<g>\n<\/g>\n<g>\n<\/g>\n<g>\n<\/g>\n<g>\n<\/g>\n<g>\n<\/g>\n<g>\n<\/g>\n<g>\n<\/g>\n<g>\n<\/g>\n<g>\n<\/g>\n<g>\n<\/g>\n<g>\n<\/g>\n<\/svg><\/span><span class=\"gb-text\"><strong>H\u00e0bits laborals<br><\/strong>Puntualitat, organitzaci\u00f3, treball en equip i responsabilitat en el proc\u00e9s.<\/span><\/p>\n<\/div>\n\n\n\n<div class=\"gb-element-0d10ea3c\">\n<div class=\"gb-element-51db82d8\">\n<h3 class=\"gb-text gb-text-f010fda6\"><a href=\"https:\/\/sites.generatepress.com\/craft\/category\/creative-workspace\/\"><strong><strong>1992<\/strong><\/strong><\/a><\/h3>\n\n\n\n<span class=\"gb-text gb-text-67a368e7\">Fundaci\u00f3n de la entidad (4 de julio). Impulsada por Luisa Carre\u00f1o Gij\u00f3n.<\/span>\n<\/div>\n\n\n\n<div class=\"gb-element-b649211e\">\n<h3 class=\"gb-text gb-text-195c7a4f\"><a href=\"https:\/\/sites.generatepress.com\/craft\/category\/creative-workspace\/\"><strong><strong><strong>Primeros a\u00f1os<\/strong><\/strong><\/strong><\/a><\/h3>\n\n\n\n<span class=\"gb-text gb-text-105dc3d8\">Espacio de referencia para mujeres: formaci\u00f3n b\u00e1sica, empoderamiento y acceso a recursos.<\/span>\n<\/div>\n\n\n\n<div class=\"gb-element-c4523199\">\n<h3 class=\"gb-text gb-text-dad86fda\"><a href=\"https:\/\/sites.generatepress.com\/craft\/category\/creative-workspace\/\"><strong><strong><strong><strong>1996<\/strong><\/strong><\/strong><\/strong><\/a><\/h3>\n\n\n\n<span class=\"gb-text gb-text-6b883d99\">Inicio del Banco de Alimentos para apoyar a familias en situaci\u00f3n de vulnerabilidad.<\/span>\n<\/div>\n\n\n\n<div class=\"gb-element-2abbc223\">\n<h3 class=\"gb-text gb-text-03187755\"><a href=\"https:\/\/sites.generatepress.com\/craft\/category\/creative-workspace\/\"><strong><strong><strong><strong><strong>Hoy<\/strong><\/strong><\/strong><\/strong><\/strong><\/a><\/h3>\n\n\n\n<span class=\"gb-text gb-text-9eb62db8\">Tres ejes coordinados: Banco de Recursos, Taller Textil Solidario y Obrint Futur.<\/span>\n<\/div>\n<\/div>\n<\/div>\n<\/div>\n<\/section>\n","protected":false},"excerpt":{"rendered":"<p>Activitats Curs T\u00e8xtil Formaci\u00f3 pr\u00e0ctica en costura i confecci\u00f3 orientada a millorar l&#8217;ocupabilitat i obrir oportunitats d&#8217;inserci\u00f3 sociolaboral reals. Un curs pensat per aprendre fent, amb acompanyament i objectius concrets. Objectiu Millorar l&#8217;ocupabilitat Format Pr\u00e0ctic i orientat a ofici Acompanyament Seguiment i suport En qu\u00e8 consisteix? El Curs T\u00e8xtil \u00e9s una formaci\u00f3 dissenyada perqu\u00e8 les &#8230; <a title=\"Curs T\u00e8xtil\" class=\"read-more\" href=\"https:\/\/centresantmarti.org\/ca\/curs-textil\/\" aria-label=\"M\u00e9s informaci\u00f3 sobre Curs T\u00e8xtil\">Read more<\/a><\/p>\n","protected":false},"author":5,"featured_media":0,"parent":0,"menu_order":0,"comment_status":"closed","ping_status":"closed","template":"","meta":{"_acf_changed":false,"footnotes":""},"class_list":["post-3120","page","type-page","status-publish"],"acf":[],"_hostinger_reach_plugin_has_subscription_block":false,"_hostinger_reach_plugin_is_elementor":false,"_links":{"self":[{"href":"https:\/\/centresantmarti.org\/ca\/wp-json\/wp\/v2\/pages\/3120","targetHints":{"allow":["GET"]}}],"collection":[{"href":"https:\/\/centresantmarti.org\/ca\/wp-json\/wp\/v2\/pages"}],"about":[{"href":"https:\/\/centresantmarti.org\/ca\/wp-json\/wp\/v2\/types\/page"}],"author":[{"embeddable":true,"href":"https:\/\/centresantmarti.org\/ca\/wp-json\/wp\/v2\/users\/5"}],"replies":[{"embeddable":true,"href":"https:\/\/centresantmarti.org\/ca\/wp-json\/wp\/v2\/comments?post=3120"}],"version-history":[{"count":2,"href":"https:\/\/centresantmarti.org\/ca\/wp-json\/wp\/v2\/pages\/3120\/revisions"}],"predecessor-version":[{"id":3127,"href":"https:\/\/centresantmarti.org\/ca\/wp-json\/wp\/v2\/pages\/3120\/revisions\/3127"}],"wp:attachment":[{"href":"https:\/\/centresantmarti.org\/ca\/wp-json\/wp\/v2\/media?parent=3120"}],"curies":[{"name":"wp","href":"https:\/\/api.w.org\/{rel}","templated":true}]}}