{"id":3128,"date":"2026-01-08T14:36:36","date_gmt":"2026-01-08T14:36:36","guid":{"rendered":"https:\/\/centresantmarti.org\/casal-en-senegal\/"},"modified":"2026-02-26T17:50:53","modified_gmt":"2026-02-26T17:50:53","slug":"casal-a-senegal","status":"publish","type":"page","link":"https:\/\/centresantmarti.org\/ca\/casal-a-senegal\/","title":{"rendered":"Casal a Senegal"},"content":{"rendered":"\n<section class=\"gb-element-7cb2ca09\">\n<div class=\"gb-element-8ef53ce2\">\n<span class=\"gb-text gb-text-dac61dd3\">Activitats<\/span>\n\n\n\n<h1 class=\"gb-text gb-text-4072e86c\">Casal a Senegal<\/h1>\n\n\n\n<p class=\"gb-text gb-text-b83dcfa7\">Una iniciativa de cooperaci\u00f3 que neix del vincle amb fam\u00edlies del barri i es concreta en accions educatives i esportives per a nens i nenes al Senegal. Un projecte constru\u00eft des de la proximitat, amb la implicaci\u00f3 de col\u00b7laboradors i entitats aliades.<\/p>\n<\/div>\n<\/section>\n\n\n\n<section class=\"gb-element-49b327e4\" id=\"de-reis\">\n<div class=\"gb-element-516ec2dd\">\n<div class=\"gb-element-bd2636d7\">\n<div class=\"gb-element-4277bf99\">\n<h3 class=\"gb-text gb-text-67f8106d\"><strong>Enfocament<\/strong><\/h3>\n\n\n\n<span class=\"gb-text gb-text-2680bdb7\">Educaci\u00f3, esport i conviv\u00e8ncia<\/span>\n<\/div>\n\n\n\n<div class=\"gb-element-f4c7f842\">\n<h3 class=\"gb-text gb-text-020f1aaa\"><strong>Metodologia<\/strong><\/h3>\n\n\n\n<span class=\"gb-text gb-text-1cf336cc\">Activitats l\u00fadiques i acompanyament<\/span>\n<\/div>\n\n\n\n<div class=\"gb-element-651837a3\">\n<h3 class=\"gb-text gb-text-c16aa907\"><strong>Impacte<\/strong><\/h3>\n\n\n\n<span class=\"gb-text gb-text-443999ce\">Refor\u00e7 comunitari i oportunitats<\/span>\n<\/div>\n<\/div>\n<\/div>\n<\/section>\n\n\n\n<section class=\"gb-element-adf091c6\">\n<div class=\"gb-element-39b4bfaf\">\n<div class=\"gb-element-4048722b\">\n<a class=\"gb-element-329348a9\">\n<img loading=\"lazy\" decoding=\"async\" width=\"1600\" height=\"1201\" class=\"gb-media-3e868fa7\" alt=\"\" src=\"https:\/\/centresantmarti.org\/wp-content\/uploads\/2026\/02\/IMG-20230806-WA0002.jpg\" title=\"IMG-20230806-WA0002\" srcset=\"https:\/\/centresantmarti.org\/wp-content\/uploads\/2026\/02\/IMG-20230806-WA0002.jpg 1600w, https:\/\/centresantmarti.org\/wp-content\/uploads\/2026\/02\/IMG-20230806-WA0002-300x225.jpg 300w, https:\/\/centresantmarti.org\/wp-content\/uploads\/2026\/02\/IMG-20230806-WA0002-1024x769.jpg 1024w, https:\/\/centresantmarti.org\/wp-content\/uploads\/2026\/02\/IMG-20230806-WA0002-768x576.jpg 768w, https:\/\/centresantmarti.org\/wp-content\/uploads\/2026\/02\/IMG-20230806-WA0002-1536x1153.jpg 1536w\" sizes=\"auto, (max-width: 1600px) 100vw, 1600px\" \/>\n<\/a>\n\n\n\n<div class=\"gb-element-34c44a29\" href=\"#\">\n<h2 class=\"gb-text gb-text-492e3b77\">Com neix el Casal<\/h2>\n\n\n\n<p>El projecte sorgeix a partir de la hist\u00f2ria d\u201funa usu\u00e0ria senegalesa (\u201cLula\u201d) i del comprom\u00eds del Centre Sant Mart\u00ed per acompanyar realitats que connecten el barri amb altres contextos de vulnerabilitat.<\/p>\n\n\n\n<p>Des d\u00b4aquest vincle s\u00b4impulsa una l\u00ednia de cooperaci\u00f3 que combina enviament de material escolar i l\u00b4organitzaci\u00f3 d\u00b4un casal d\u00b4estiu esportiu al Senegal, orientat a crear un espai segur, educatiu i enriquidor per a la inf\u00e0ncia.<\/p>\n<\/div>\n<\/div>\n<\/div>\n\n\n\n<div class=\"gb-element-3b02d95c\">\n<div class=\"gb-element-1b35a1c6\">\n<a class=\"gb-element-c187b9dd\">\n<img loading=\"lazy\" decoding=\"async\" width=\"1201\" height=\"1600\" class=\"gb-media-6f35a225\" alt=\"\" src=\"https:\/\/centresantmarti.org\/wp-content\/uploads\/2026\/02\/IMG-20230806-WA0004.jpg\" title=\"IMG-20230806-WA0004\" srcset=\"https:\/\/centresantmarti.org\/wp-content\/uploads\/2026\/02\/IMG-20230806-WA0004.jpg 1201w, https:\/\/centresantmarti.org\/wp-content\/uploads\/2026\/02\/IMG-20230806-WA0004-225x300.jpg 225w, https:\/\/centresantmarti.org\/wp-content\/uploads\/2026\/02\/IMG-20230806-WA0004-769x1024.jpg 769w, https:\/\/centresantmarti.org\/wp-content\/uploads\/2026\/02\/IMG-20230806-WA0004-768x1023.jpg 768w, https:\/\/centresantmarti.org\/wp-content\/uploads\/2026\/02\/IMG-20230806-WA0004-1153x1536.jpg 1153w\" sizes=\"auto, (max-width: 1201px) 100vw, 1201px\" \/>\n<\/a>\n\n\n\n<div class=\"gb-element-42a661c1\" href=\"#\">\n<h3 class=\"gb-text gb-text-f492c908\">Amb qui ho fem<\/h3>\n\n\n\n<p class=\"gb-text\">El Casal s&#8217;impulsa amb el suport d&#8217;entitats i col\u00b7laboradors. A l&#8217;etapa inicial, el projecte va comptar amb ajuda de la <strong>Fundaci\u00f3 FC Barcelona<\/strong> per refor\u00e7ar la dimensi\u00f3 esportiva i log\u00edstica.<\/p>\n\n\n\n<p>La cooperaci\u00f3 es basa en un principi simple: <strong>sumar recursos per multiplicar oportunitats<\/strong>, amb criteris de transpar\u00e8ncia i treball comunitari.<\/p>\n\n\n\n<h4 class=\"gb-text\">Objectiu<\/h4>\n\n\n\n<p class=\"gb-text\">Generar un espai educatiu i esportiu que reforci la comunitat i protegeixi oportunitats per a la inf\u00e0ncia.<\/p>\n<\/div>\n<\/div>\n<\/div>\n<\/section>\n\n\n\n<section class=\"gb-element-6f1aef6d\" style=\"--inline-bg-image: url(https:\/\/centresantmarti.org\/wp-content\/uploads\/2026\/02\/IMG-20230806-WA0003.jpg)\" id=\"onze-impact\">\n<div class=\"gb-element-9b3a3b57\">\n<div class=\"gb-element-288412f6\">\n<div>\n<h3 class=\"gb-text gb-text-d6b15561\">Qu\u00e8 fem al Casal<\/h3>\n\n\n\n<p class=\"text-mobile gb-text-f2fe5703\"><span class=\"gb-shape\"><svg version=\"1.1\" id=\"fi_95454\" xmlns=\"http:\/\/www.w3.org\/2000\/svg\" xmlns:xlink=\"http:\/\/www.w3.org\/1999\/xlink\" x=\"0px\" y=\"0px\" viewBox=\"0 0 229.5 229.5\" style=\"enable-background:new 0 0 229.5 229.5;\" xml:space=\"preserve\">\n<path d=\"M214.419,32.12c-0.412-2.959-2.541-5.393-5.419-6.193L116.76,0.275c-1.315-0.366-2.704-0.366-4.02,0L20.5,25.927\n\tc-2.878,0.8-5.007,3.233-5.419,6.193c-0.535,3.847-12.74,94.743,18.565,139.961c31.268,45.164,77.395,56.738,79.343,57.209\n\tc0.579,0.14,1.169,0.209,1.761,0.209s1.182-0.07,1.761-0.209c1.949-0.471,48.076-12.045,79.343-57.209\n\tC227.159,126.864,214.954,35.968,214.419,32.12z M174.233,85.186l-62.917,62.917c-1.464,1.464-3.384,2.197-5.303,2.197\n\ts-3.839-0.732-5.303-2.197l-38.901-38.901c-1.407-1.406-2.197-3.314-2.197-5.303s0.791-3.897,2.197-5.303l7.724-7.724\n\tc2.929-2.928,7.678-2.929,10.606,0l25.874,25.874l49.89-49.891c1.406-1.407,3.314-2.197,5.303-2.197s3.897,0.79,5.303,2.197\n\tl7.724,7.724C177.162,77.508,177.162,82.257,174.233,85.186z\"><\/path>\n<g>\n<\/g>\n<g>\n<\/g>\n<g>\n<\/g>\n<g>\n<\/g>\n<g>\n<\/g>\n<g>\n<\/g>\n<g>\n<\/g>\n<g>\n<\/g>\n<g>\n<\/g>\n<g>\n<\/g>\n<g>\n<\/g>\n<g>\n<\/g>\n<g>\n<\/g>\n<g>\n<\/g>\n<g>\n<\/g>\n<\/svg><\/span><span class=\"gb-text\"><strong>Activitats esportives<br><\/strong>Din\u00e0miques d\u2019equip i jocs que fomenten h\u00e0bits saludables, cooperaci\u00f3 i autoestima.<\/span><\/p>\n\n\n\n<p class=\"text-mobile gb-text-d174818b\"><span class=\"gb-shape\"><svg version=\"1.1\" id=\"fi_95454\" xmlns=\"http:\/\/www.w3.org\/2000\/svg\" xmlns:xlink=\"http:\/\/www.w3.org\/1999\/xlink\" x=\"0px\" y=\"0px\" viewBox=\"0 0 229.5 229.5\" style=\"enable-background:new 0 0 229.5 229.5;\" xml:space=\"preserve\">\n<path d=\"M214.419,32.12c-0.412-2.959-2.541-5.393-5.419-6.193L116.76,0.275c-1.315-0.366-2.704-0.366-4.02,0L20.5,25.927\n\tc-2.878,0.8-5.007,3.233-5.419,6.193c-0.535,3.847-12.74,94.743,18.565,139.961c31.268,45.164,77.395,56.738,79.343,57.209\n\tc0.579,0.14,1.169,0.209,1.761,0.209s1.182-0.07,1.761-0.209c1.949-0.471,48.076-12.045,79.343-57.209\n\tC227.159,126.864,214.954,35.968,214.419,32.12z M174.233,85.186l-62.917,62.917c-1.464,1.464-3.384,2.197-5.303,2.197\n\ts-3.839-0.732-5.303-2.197l-38.901-38.901c-1.407-1.406-2.197-3.314-2.197-5.303s0.791-3.897,2.197-5.303l7.724-7.724\n\tc2.929-2.928,7.678-2.929,10.606,0l25.874,25.874l49.89-49.891c1.406-1.407,3.314-2.197,5.303-2.197s3.897,0.79,5.303,2.197\n\tl7.724,7.724C177.162,77.508,177.162,82.257,174.233,85.186z\"><\/path>\n<g>\n<\/g>\n<g>\n<\/g>\n<g>\n<\/g>\n<g>\n<\/g>\n<g>\n<\/g>\n<g>\n<\/g>\n<g>\n<\/g>\n<g>\n<\/g>\n<g>\n<\/g>\n<g>\n<\/g>\n<g>\n<\/g>\n<g>\n<\/g>\n<g>\n<\/g>\n<g>\n<\/g>\n<g>\n<\/g>\n<\/svg><\/span><span class=\"gb-text\"><strong>Refor\u00e7 educatiu<br><\/strong>Suport a rutines d\u2019aprenentatge a trav\u00e9s de propostes l\u00fadiques adaptades al context.<\/span><\/p>\n\n\n\n<p class=\"text-mobile gb-text-dc94c840\"><span class=\"gb-shape\"><svg version=\"1.1\" id=\"fi_95454\" xmlns=\"http:\/\/www.w3.org\/2000\/svg\" xmlns:xlink=\"http:\/\/www.w3.org\/1999\/xlink\" x=\"0px\" y=\"0px\" viewBox=\"0 0 229.5 229.5\" style=\"enable-background:new 0 0 229.5 229.5;\" xml:space=\"preserve\">\n<path d=\"M214.419,32.12c-0.412-2.959-2.541-5.393-5.419-6.193L116.76,0.275c-1.315-0.366-2.704-0.366-4.02,0L20.5,25.927\n\tc-2.878,0.8-5.007,3.233-5.419,6.193c-0.535,3.847-12.74,94.743,18.565,139.961c31.268,45.164,77.395,56.738,79.343,57.209\n\tc0.579,0.14,1.169,0.209,1.761,0.209s1.182-0.07,1.761-0.209c1.949-0.471,48.076-12.045,79.343-57.209\n\tC227.159,126.864,214.954,35.968,214.419,32.12z M174.233,85.186l-62.917,62.917c-1.464,1.464-3.384,2.197-5.303,2.197\n\ts-3.839-0.732-5.303-2.197l-38.901-38.901c-1.407-1.406-2.197-3.314-2.197-5.303s0.791-3.897,2.197-5.303l7.724-7.724\n\tc2.929-2.928,7.678-2.929,10.606,0l25.874,25.874l49.89-49.891c1.406-1.407,3.314-2.197,5.303-2.197s3.897,0.79,5.303,2.197\n\tl7.724,7.724C177.162,77.508,177.162,82.257,174.233,85.186z\"><\/path>\n<g>\n<\/g>\n<g>\n<\/g>\n<g>\n<\/g>\n<g>\n<\/g>\n<g>\n<\/g>\n<g>\n<\/g>\n<g>\n<\/g>\n<g>\n<\/g>\n<g>\n<\/g>\n<g>\n<\/g>\n<g>\n<\/g>\n<g>\n<\/g>\n<g>\n<\/g>\n<g>\n<\/g>\n<g>\n<\/g>\n<\/svg><\/span><span class=\"gb-text\"><strong>Conviv\u00e8ncia i valors<br><\/strong>Un espai de trobada que treballa el respecte, la participaci\u00f3 i la vida comunit\u00e0ria.<\/span><\/p>\n<\/div>\n\n\n\n<div class=\"gb-element-0d10ea3c\">\n<div class=\"gb-element-51db82d8\">\n<h3 class=\"gb-text gb-text-f010fda6\"><a href=\"https:\/\/sites.generatepress.com\/craft\/category\/creative-workspace\/\"><strong><strong>1992<\/strong><\/strong><\/a><\/h3>\n\n\n\n<span class=\"gb-text gb-text-67a368e7\">Fundaci\u00f3n de la entidad (4 de julio). Impulsada por Luisa Carre\u00f1o Gij\u00f3n.<\/span>\n<\/div>\n\n\n\n<div class=\"gb-element-b649211e\">\n<h3 class=\"gb-text gb-text-195c7a4f\"><a href=\"https:\/\/sites.generatepress.com\/craft\/category\/creative-workspace\/\"><strong><strong><strong>Primeros a\u00f1os<\/strong><\/strong><\/strong><\/a><\/h3>\n\n\n\n<span class=\"gb-text gb-text-105dc3d8\">Espacio de referencia para mujeres: formaci\u00f3n b\u00e1sica, empoderamiento y acceso a recursos.<\/span>\n<\/div>\n\n\n\n<div class=\"gb-element-c4523199\">\n<h3 class=\"gb-text gb-text-dad86fda\"><a href=\"https:\/\/sites.generatepress.com\/craft\/category\/creative-workspace\/\"><strong><strong><strong><strong>1996<\/strong><\/strong><\/strong><\/strong><\/a><\/h3>\n\n\n\n<span class=\"gb-text gb-text-6b883d99\">Inicio del Banco de Alimentos para apoyar a familias en situaci\u00f3n de vulnerabilidad.<\/span>\n<\/div>\n\n\n\n<div class=\"gb-element-2abbc223\">\n<h3 class=\"gb-text gb-text-03187755\"><a href=\"https:\/\/sites.generatepress.com\/craft\/category\/creative-workspace\/\"><strong><strong><strong><strong><strong>Hoy<\/strong><\/strong><\/strong><\/strong><\/strong><\/a><\/h3>\n\n\n\n<span class=\"gb-text gb-text-9eb62db8\">Tres ejes coordinados: Banco de Recursos, Taller Textil Solidario y Obrint Futur.<\/span>\n<\/div>\n<\/div>\n<\/div>\n<\/div>\n<\/section>\n","protected":false},"excerpt":{"rendered":"<p>Activitats Casal a Senegal Una iniciativa de cooperaci\u00f3 que neix del vincle amb fam\u00edlies del barri i es concreta en accions educatives i esportives per a nens i nenes al Senegal. Un projecte constru\u00eft des de la proximitat, amb la implicaci\u00f3 de col\u00b7laboradors i entitats aliades. Enfocament Educaci\u00f3, esport i conviv\u00e8ncia Metodologia Activitats l\u00fadiques i &#8230; <a title=\"Casal a Senegal\" class=\"read-more\" href=\"https:\/\/centresantmarti.org\/ca\/casal-a-senegal\/\" aria-label=\"M\u00e9s informaci\u00f3 sobre Casal a Senegal\">Read more<\/a><\/p>\n","protected":false},"author":5,"featured_media":0,"parent":0,"menu_order":0,"comment_status":"closed","ping_status":"closed","template":"","meta":{"_acf_changed":false,"footnotes":""},"class_list":["post-3128","page","type-page","status-publish"],"acf":[],"_hostinger_reach_plugin_has_subscription_block":false,"_hostinger_reach_plugin_is_elementor":false,"_links":{"self":[{"href":"https:\/\/centresantmarti.org\/ca\/wp-json\/wp\/v2\/pages\/3128","targetHints":{"allow":["GET"]}}],"collection":[{"href":"https:\/\/centresantmarti.org\/ca\/wp-json\/wp\/v2\/pages"}],"about":[{"href":"https:\/\/centresantmarti.org\/ca\/wp-json\/wp\/v2\/types\/page"}],"author":[{"embeddable":true,"href":"https:\/\/centresantmarti.org\/ca\/wp-json\/wp\/v2\/users\/5"}],"replies":[{"embeddable":true,"href":"https:\/\/centresantmarti.org\/ca\/wp-json\/wp\/v2\/comments?post=3128"}],"version-history":[{"count":2,"href":"https:\/\/centresantmarti.org\/ca\/wp-json\/wp\/v2\/pages\/3128\/revisions"}],"predecessor-version":[{"id":3133,"href":"https:\/\/centresantmarti.org\/ca\/wp-json\/wp\/v2\/pages\/3128\/revisions\/3133"}],"wp:attachment":[{"href":"https:\/\/centresantmarti.org\/ca\/wp-json\/wp\/v2\/media?parent=3128"}],"curies":[{"name":"wp","href":"https:\/\/api.w.org\/{rel}","templated":true}]}}