{"id":3136,"date":"2025-11-04T15:03:11","date_gmt":"2025-11-04T15:03:11","guid":{"rendered":"https:\/\/centresantmarti.org\/contacto\/"},"modified":"2026-02-26T17:50:54","modified_gmt":"2026-02-26T17:50:54","slug":"contacte","status":"publish","type":"page","link":"https:\/\/centresantmarti.org\/ca\/contacte\/","title":{"rendered":"Contacte"},"content":{"rendered":"\n<section class=\"gb-element-16212c28\">\n<div class=\"gb-element-dcfca3ba\">\n<span class=\"gb-text gb-text-1686bc39\">Escriu-nos<\/span>\n\n\n\n<h1 class=\"gb-text gb-text-4faef47f\">Contacte<\/h1>\n\n\n\n<p class=\"gb-text gb-text-07c472f3\">Si necessites informaci\u00f3 sobre els nostres programes, vols col\u00b7laborar o est\u00e0s buscant suport, posa&#8217;t en contacte amb nosaltres. T&#8217;orientarem segons la teva situaci\u00f3.<\/p>\n<\/div>\n<\/section>\n\n\n\n<section class=\"gb-element-adf091c6\">\n<div class=\"gb-element-39b4bfaf\">\n<div class=\"gb-element-4048722b\">\n<div href=\"#\">\n<h2 class=\"gb-text gb-text-492e3b77\">En qu\u00e8 et podem ajudar?<\/h2>\n\n\n\n<p class=\"gb-text\">Al Centre Sant Mart\u00ed atenem persones, fam\u00edlies, voluntariat i entitats col\u00b7laboradores. Escriu-nos i et respondrem el m\u00e9s aviat possible.<\/p>\n\n\n\n<ul class=\"wp-block-list\">\n<li>Empreses i entitats interessades a col\u00b7laborar.<\/li>\n\n\n\n<li>Informaci\u00f3 sobre programes i activitats.<\/li>\n\n\n\n<li>Acc\u00e9s a recursos i acompanyament social.<\/li>\n\n\n\n<li>Voluntariat i col\u00b7laboraci\u00f3.<\/li>\n<\/ul>\n\n\n\n<div class=\"gb-element-dc3dab4b\">\n<span class=\"gb-shape gb-shape-f1f4eb2e\"><svg aria-hidden=\"true\" height=\"1em\" width=\"1em\" viewBox=\"0 0 512 512\" xmlns=\"http:\/\/www.w3.org\/2000\/svg\"><path fill=\"currentColor\" d=\"M464 64H48C21.49 64 0 85.49 0 112v288c0 26.51 21.49 48 48 48h416c26.51 0 48-21.49 48-48V112c0-26.51-21.49-48-48-48zm0 48v40.805c-22.422 18.259-58.168 46.651-134.587 106.49-16.841 13.247-50.201 45.072-73.413 44.701-23.208.375-56.579-31.459-73.413-44.701C106.18 199.465 70.425 171.067 48 152.805V112h416zM48 400V214.398c22.914 18.251 55.409 43.862 104.938 82.646 21.857 17.205 60.134 55.186 103.062 54.955 42.717.231 80.509-37.199 103.053-54.947 49.528-38.783 82.032-64.401 104.947-82.653V400H48z\"><\/path><\/svg><\/span>\n\n\n\n<span class=\"gb-text gb-text-b4284746\" aria-label=\"escr\u00edbenos\"><a href=\"mailto:mluisagijon@yahoo.es\">mluisagijon@yahoo.es<\/a><\/span>\n<\/div>\n\n\n\n<div class=\"gb-element-44c4334c\">\n<span class=\"gb-shape gb-shape-789110b8\"><svg xmlns=\"http:\/\/www.w3.org\/2000\/svg\" viewBox=\"0 0 32 32\"><path d=\"M16.114-.011C9.555-.011 4 5.576 4 12.193c0 6.93 6.439 14.017 10.77 18.998.017.02.717.797 1.579.797h.076c.863 0 1.558-.777 1.575-.797 4.064-4.672 10-12.377 10-18.998C28 5.575 23.667-.011 16.114-.011zm.401 29.86a1.211 1.211 0 0 1-.131.107 1.218 1.218 0 0 1-.133-.107l-.523-.602c-4.106-4.71-9.729-11.161-9.729-17.055 0-5.532 4.632-10.205 10.114-10.205 6.829 0 9.886 5.125 9.886 10.205 0 4.474-3.192 10.416-9.485 17.657zm-.48-23.805a6 6 0 1 0 0 12 6 6 0 0 0 0-12zm0 10c-2.206 0-4.046-1.838-4.046-4.044s1.794-4 4-4c2.207 0 4 1.794 4 4 .001 2.206-1.747 4.044-3.954 4.044z\"><\/path><\/svg><\/span>\n\n\n\n<span class=\"gb-text gb-text-4b2d3f81\">C\/ Pere Verg\u00e8s, 1 08020 \u00b7 Barcelona<\/span>\n<\/div>\n\n\n\n<p class=\"gb-text\">Horari d\u2019atenci\u00f3<br>De dilluns a divendres<br>de 8:00 a 20:00 h<\/p>\n<\/div>\n\n\n\n<div class=\"gb-element-932a8f73\"><style id=\"fluentform-block-custom-styles-4\">.fluentform.fluentform_wrapper_4.ff_guten_block.ff_guten_block-4 .ff-el-form-control, .fluentform.fluentform_wrapper_4.ff_guten_block.ff_guten_block-4 .ff-el-input--content input, .fluentform.fluentform_wrapper_4.ff_guten_block.ff_guten_block-4 .ff-el-input--content textarea, .fluentform.fluentform_wrapper_4.ff_guten_block.ff_guten_block-4 .ff-el-input--content select { font-size: 12px; }\n.fluentform.fluentform_wrapper_4.ff_guten_block.ff_guten_block-4 .ff-el-form-control, .fluentform.fluentform_wrapper_4.ff_guten_block.ff_guten_block-4 .ff-el-input--content input, .fluentform.fluentform_wrapper_4.ff_guten_block.ff_guten_block-4 .ff-el-input--content textarea, .fluentform.fluentform_wrapper_4.ff_guten_block.ff_guten_block-4 .ff-el-input--content select { border-style: solid; border-color: #dddddd; border-radius: 2em; }\n.fluentform.fluentform_wrapper_4.ff_guten_block.ff_guten_block-4 .ff_submit_btn_wrapper .ff-btn-submit { width: 100%; background-color: #e65054; }\n.fluentform.fluentform_wrapper_4.ff_guten_block.ff_guten_block-4 .ff_submit_btn_wrapper .ff-btn-submit { border-style: solid; border-color: #dddddd; border-radius: 2em; }\n<\/style><div class='fluentform ff-default fluentform_wrapper_4  ff_guten_block ff_guten_block-4 ffs_default_wrap'><form data-form_id=\"4\" id=\"fluentform_4\" class=\"frm-fluent-form fluent_form_4 ff-el-form-top ff_form_instance_4_1 ff-form-loading ffs_default\" data-form_instance=\"ff_form_instance_4_1\" method=\"POST\" ><fieldset  style=\"border: none!important;margin: 0!important;padding: 0!important;background-color: transparent!important;box-shadow: none!important;outline: none!important; min-inline-size: 100%;\">\n                    <legend class=\"ff_screen_reader_title\" style=\"display: block; margin: 0!important;padding: 0!important;height: 0!important;text-indent: -999999px;width: 0!important;overflow:hidden;\">Formulario de contacto &#8211; CA<\/legend><input type='hidden' name='__fluent_form_embded_post_id' value='3136' \/><input type=\"hidden\" id=\"_fluentform_4_fluentformnonce\" name=\"_fluentform_4_fluentformnonce\" value=\"a5c6aeab5d\" \/><input type=\"hidden\" name=\"_wp_http_referer\" value=\"\/ca\/wp-json\/wp\/v2\/pages\/3136\" \/><div data-type=\"name-element\" data-name=\"names\" class=\" ff-field_container ff-name-field-wrapper\" ><div class='ff-t-container'><div class='ff-t-cell '><div class='ff-el-group ff-el-form-hide_label'><div class=\"ff-el-input--label ff-el-is-required asterisk-right\"><label for='ff_4_names_first_name_' id='label_ff_4_names_first_name_' >Nom<\/label><\/div><div class='ff-el-input--content'><input type=\"text\" name=\"names[first_name]\" id=\"ff_4_names_first_name_\" class=\"ff-el-form-control\" placeholder=\"Nom\" aria-invalid=\"false\" aria-required=true><\/div><\/div><\/div><div class='ff-t-cell '><div class='ff-el-group ff-el-form-hide_label'><div class=\"ff-el-input--label ff-el-is-required asterisk-right\"><label for='ff_4_names_last_name_' id='label_ff_4_names_last_name_' >Cognoms<\/label><\/div><div class='ff-el-input--content'><input type=\"text\" name=\"names[last_name]\" id=\"ff_4_names_last_name_\" class=\"ff-el-form-control\" placeholder=\"Cognoms\" aria-invalid=\"false\" aria-required=true><\/div><\/div><\/div><\/div><\/div><div class='ff-el-group ff-el-form-hide_label'><div class=\"ff-el-input--label ff-el-is-required asterisk-right\"><label for='ff_4_email' id='label_ff_4_email' aria-label=\"Correu electr\u00f2nic\">Correu electr\u00f2nic<\/label><\/div><div class='ff-el-input--content'><input type=\"email\" name=\"email\" id=\"ff_4_email\" class=\"ff-el-form-control\" placeholder=\"Correu electr\u00f2nic\" data-name=\"email\"  aria-invalid=\"false\" aria-required=true><\/div><\/div><div class='ff-el-group ff-el-form-hide_label'><div class=\"ff-el-input--label ff-el-is-required asterisk-right\"><label for='ff_4_phone' id='label_ff_4_phone' aria-label=\"Tel\u00e8fon\">Tel\u00e8fon<\/label><\/div><div class='ff-el-input--content'><input name=\"phone\" class=\"ff-el-form-control ff-el-phone ff_el_with_extended_validation\" type=\"tel\" placeholder=\"Tel\u00e8fon\" data-name=\"phone\" id=\"ff_4_phone\" inputmode=\"tel\"  aria-invalid='false' aria-required=true><\/div><\/div><div class='ff-el-group ff-el-form-hide_label'><div class=\"ff-el-input--label ff-el-is-required asterisk-right\"><label for='ff_4_dropdown' id='label_ff_4_dropdown' aria-label=\"Motiu del contacte\">Motiu del contacte<\/label><\/div><div class='ff-el-input--content'><select name=\"dropdown\" id=\"ff_4_dropdown\" class=\"ff-el-form-control\" data-name=\"dropdown\" data-calc_value=\"0\"  aria-invalid=\"false\" aria-required=\"true\" aria-labelledby=\"label_ff_4_dropdown\"><option value=\"\">&#8211; Motiu del contacte &#8211;<\/option><option value=\"Informaci\u00f3 general\"  >Informaci\u00f3 general<\/option><option value=\"Suport social \/ acompanyament\"  >Suport social \/ acompanyament<\/option><option value=\"Formaci\u00f3 i cursos\"  >Formaci\u00f3 i cursos<\/option><option value=\"Voluntariat\"  >Voluntariat<\/option><option value=\"Empresas y entidades colaboradoras\"  >Empresas y entidades colaboradoras<\/option><option value=\"Donacions\"  >Donacions<\/option><option value=\"Altres\"  >Altres<\/option><\/select><\/div><\/div><div class='ff-el-group ff-el-form-hide_label'><div class=\"ff-el-input--label ff-el-is-required asterisk-right\"><label for='ff_4_description' id='label_ff_4_description' aria-label=\"Missatge\">Missatge<\/label><\/div><div class='ff-el-input--content'><textarea aria-required=\"true\" aria-labelledby=\"label_ff_4_description\" name=\"description\" id=\"ff_4_description\" class=\"ff-el-form-control\" placeholder=\"Explica&#039;ns breument en qu\u00e8 et podem ajudar.\" rows=\"5\" cols=\"2\" data-name=\"description\" ><\/textarea><\/div><\/div><div class='ff-el-group    ff-el-input--content'><div class='ff-el-form-check ff-el-tc'><label aria-label='Terms and Conditions: He llegit i accepto els Termes i Condicions i la Pol\u00edtica de Privacitat Contains 2 links. Use tab navigation to review.' class='ff-el-form-check-label ff_tc_label' for=terms-n-condition_7acd3debdaff2afc0fb67fe4475f2af6><span class='ff_tc_checkbox'><input type=\"checkbox\" name=\"terms-n-condition\" class=\"ff-el-form-check-input\" data-name=\"terms-n-condition\" id=\"terms-n-condition_7acd3debdaff2afc0fb67fe4475f2af6\"  value='on' aria-invalid='false' aria-required=false><\/span> <div class='ff_t_c'><p>He llegit i accepto els <a href=\"#\" target=\"_blank\" rel=\"noopener\">Termes i Condicions<\/a> i la <a href=\"#\" target=\"_blank\" rel=\"noopener\">Pol\u00edtica de Privacitat<\/a><\/p><\/div><\/label><\/div><\/div><div class='ff-el-group ff-text-left ff_submit_btn_wrapper'><button type=\"submit\" class=\"ff-btn ff-btn-submit ff-btn-md ff_btn_style\"  aria-label=\"Enviar\">Enviar<\/button><\/div><\/fieldset><\/form><div id='fluentform_4_errors' class='ff-errors-in-stack ff_form_instance_4_1 ff-form-loading_errors ff_form_instance_4_1_errors'><\/div><\/div>            <script type=\"text\/javascript\">\n                window.fluent_form_ff_form_instance_4_1 = {\"id\":\"4\",\"settings\":{\"layout\":{\"labelPlacement\":\"top\",\"asteriskPlacement\":\"asterisk-right\",\"helpMessagePlacement\":\"with_label\",\"errorMessagePlacement\":\"inline\",\"cssClassName\":\"\"},\"restrictions\":{\"denyEmptySubmission\":{\"enabled\":false}}},\"form_instance\":\"ff_form_instance_4_1\",\"form_id_selector\":\"fluentform_4\",\"rules\":{\"names[first_name]\":{\"required\":{\"value\":true,\"message\":\"Aquest camp \\u00e9s obligatori\",\"global_message\":\"Este campo es obligatorio\",\"global\":false}},\"names[middle_name]\":{\"required\":{\"value\":false,\"message\":\"This field is required\",\"global_message\":\"Este campo es obligatorio\",\"global\":true}},\"names[last_name]\":{\"required\":{\"value\":true,\"message\":\"Aquest camp \\u00e9s obligatori\",\"global_message\":\"Este campo es obligatorio\",\"global\":false}},\"email\":{\"required\":{\"value\":true,\"message\":\"Aquest camp \\u00e9s obligatori\",\"global_message\":\"Este campo es obligatorio\",\"global\":false},\"email\":{\"value\":true,\"message\":\"Aquest camp ha de contenir un correu electr\\u00f2nic v\\u00e0lid\",\"global_message\":\"Este campo debe contener un correo electr\\u00f3nico v\\u00e1lido\",\"global\":false}},\"phone\":{\"required\":{\"value\":true,\"global\":false,\"message\":\"Aquest camp \\u00e9s obligatori\",\"global_message\":\"Este campo es obligatorio\"},\"valid_phone_number\":{\"value\":true,\"global\":false,\"message\":\"Aquest camp \\u00e9s obligatori\",\"global_message\":\"El n\\u00famero de tel\\u00e9fono no es v\\u00e1lido \"}},\"dropdown\":{\"required\":{\"value\":true,\"message\":\"Este campo es obligatorio\",\"global_message\":\"Este campo es obligatorio\",\"global\":false}},\"description\":{\"required\":{\"value\":true,\"message\":\"This field is required\",\"global_message\":\"Este campo es obligatorio\",\"global\":true}},\"terms-n-condition\":{\"required\":{\"value\":false,\"message\":\"This field is required\",\"global_message\":\"Este campo es obligatorio\",\"global\":true}}},\"debounce_time\":300};\n                            <\/script>\n            <\/div>\n<\/div>\n\n\n\n<div class=\"gb-element-9d518eeb\">\n<h2 class=\"gb-text gb-text-9458d615\">Com arribar<\/h2>\n\n\n\n<div class=\"gb-element-b2a9441a\">\n<iframe class=\"gmap\" src=\"https:\/\/www.google.com\/maps?q=Carrer%20de%20Pere%20Verg%C3%A8s%2C%201%2C%20Barcelona&amp;output=embed\" width=\"100%\";style=\"border-radius: 24px; border: 0; overflow: hidden;\"; loading=\"lazy\" referrerpolicy=\"no-referrer-when-downgrade\">\n            <\/iframe>\n<\/div>\n<\/div>\n<\/div>\n<\/section>\n","protected":false},"excerpt":{"rendered":"<p>Escriu-nos Contacte Si necessites informaci\u00f3 sobre els nostres programes, vols col\u00b7laborar o est\u00e0s buscant suport, posa&#8217;t en contacte amb nosaltres. T&#8217;orientarem segons la teva situaci\u00f3. En qu\u00e8 et podem ajudar? Al Centre Sant Mart\u00ed atenem persones, fam\u00edlies, voluntariat i entitats col\u00b7laboradores. Escriu-nos i et respondrem el m\u00e9s aviat possible. mluisagijon@yahoo.es C\/ Pere Verg\u00e8s, 1 08020 &#8230; <a title=\"Contacte\" class=\"read-more\" href=\"https:\/\/centresantmarti.org\/ca\/contacte\/\" aria-label=\"M\u00e9s informaci\u00f3 sobre Contacte\">Read more<\/a><\/p>\n","protected":false},"author":5,"featured_media":0,"parent":0,"menu_order":0,"comment_status":"closed","ping_status":"closed","template":"","meta":{"_acf_changed":false,"footnotes":""},"class_list":["post-3136","page","type-page","status-publish"],"acf":[],"_hostinger_reach_plugin_has_subscription_block":false,"_hostinger_reach_plugin_is_elementor":false,"_links":{"self":[{"href":"https:\/\/centresantmarti.org\/ca\/wp-json\/wp\/v2\/pages\/3136","targetHints":{"allow":["GET"]}}],"collection":[{"href":"https:\/\/centresantmarti.org\/ca\/wp-json\/wp\/v2\/pages"}],"about":[{"href":"https:\/\/centresantmarti.org\/ca\/wp-json\/wp\/v2\/types\/page"}],"author":[{"embeddable":true,"href":"https:\/\/centresantmarti.org\/ca\/wp-json\/wp\/v2\/users\/5"}],"replies":[{"embeddable":true,"href":"https:\/\/centresantmarti.org\/ca\/wp-json\/wp\/v2\/comments?post=3136"}],"version-history":[{"count":2,"href":"https:\/\/centresantmarti.org\/ca\/wp-json\/wp\/v2\/pages\/3136\/revisions"}],"predecessor-version":[{"id":3140,"href":"https:\/\/centresantmarti.org\/ca\/wp-json\/wp\/v2\/pages\/3136\/revisions\/3140"}],"wp:attachment":[{"href":"https:\/\/centresantmarti.org\/ca\/wp-json\/wp\/v2\/media?parent=3136"}],"curies":[{"name":"wp","href":"https:\/\/api.w.org\/{rel}","templated":true}]}}