{"id":3183,"date":"2026-01-08T13:57:38","date_gmt":"2026-01-08T13:57:38","guid":{"rendered":"https:\/\/centresantmarti.org\/transparencia\/"},"modified":"2026-02-26T17:50:54","modified_gmt":"2026-02-26T17:50:54","slug":"transparencia","status":"publish","type":"page","link":"https:\/\/centresantmarti.org\/ca\/transparencia\/","title":{"rendered":"Transpar\u00e8ncia"},"content":{"rendered":"\n<section class=\"gb-element-7cb2ca09\">\n<div class=\"gb-element-8ef53ce2\">\n<span class=\"gb-text gb-text-dac61dd3\">Activitats<\/span>\n\n\n\n<h1 class=\"gb-text gb-text-4072e86c\">Transpar\u00e8ncia<\/h1>\n\n\n\n<p class=\"gb-text gb-text-b83dcfa7\">Formaci\u00f3 pr\u00e0ctica en costura i confecci\u00f3 orientada a millorar l&#8217;ocupabilitat i obrir oportunitats d&#8217;inserci\u00f3 sociolaboral reals. Un curs pensat per aprendre fent, amb acompanyament i objectius concrets.<\/p>\n<\/div>\n<\/section>\n","protected":false},"excerpt":{"rendered":"<p>Activitats Transpar\u00e8ncia Formaci\u00f3 pr\u00e0ctica en costura i confecci\u00f3 orientada a millorar l&#8217;ocupabilitat i obrir oportunitats d&#8217;inserci\u00f3 sociolaboral reals. Un curs pensat per aprendre fent, amb acompanyament i objectius concrets.<\/p>\n","protected":false},"author":5,"featured_media":0,"parent":0,"menu_order":0,"comment_status":"closed","ping_status":"closed","template":"","meta":{"_acf_changed":false,"footnotes":""},"class_list":["post-3183","page","type-page","status-publish"],"acf":[],"_hostinger_reach_plugin_has_subscription_block":false,"_hostinger_reach_plugin_is_elementor":false,"_links":{"self":[{"href":"https:\/\/centresantmarti.org\/ca\/wp-json\/wp\/v2\/pages\/3183","targetHints":{"allow":["GET"]}}],"collection":[{"href":"https:\/\/centresantmarti.org\/ca\/wp-json\/wp\/v2\/pages"}],"about":[{"href":"https:\/\/centresantmarti.org\/ca\/wp-json\/wp\/v2\/types\/page"}],"author":[{"embeddable":true,"href":"https:\/\/centresantmarti.org\/ca\/wp-json\/wp\/v2\/users\/5"}],"replies":[{"embeddable":true,"href":"https:\/\/centresantmarti.org\/ca\/wp-json\/wp\/v2\/comments?post=3183"}],"version-history":[{"count":2,"href":"https:\/\/centresantmarti.org\/ca\/wp-json\/wp\/v2\/pages\/3183\/revisions"}],"predecessor-version":[{"id":3187,"href":"https:\/\/centresantmarti.org\/ca\/wp-json\/wp\/v2\/pages\/3183\/revisions\/3187"}],"wp:attachment":[{"href":"https:\/\/centresantmarti.org\/ca\/wp-json\/wp\/v2\/media?parent=3183"}],"curies":[{"name":"wp","href":"https:\/\/api.w.org\/{rel}","templated":true}]}}